{"id":1623,"date":"2023-01-16T16:26:28","date_gmt":"2023-01-16T15:26:28","guid":{"rendered":"https:\/\/okam-ortho.fr\/?page_id=1623"},"modified":"2025-07-28T13:31:02","modified_gmt":"2025-07-28T11:31:02","slug":"qui-suis-je","status":"publish","type":"page","link":"https:\/\/www.okam-ortho.fr\/index.php\/qui-suis-je\/","title":{"rendered":"Qui suis-je ?"},"content":{"rendered":"<style>.kb-row-layout-id1623_76654c-1c > .kt-row-column-wrap{align-content:start;}:where(.kb-row-layout-id1623_76654c-1c > .kt-row-column-wrap) > .wp-block-kadence-column{justify-content:start;}.kb-row-layout-id1623_76654c-1c > .kt-row-column-wrap{column-gap:var(--global-kb-gap-md, 2rem);row-gap:var(--global-kb-gap-md, 2rem);max-width:var( --global-content-width, 1290px );padding-left:var(--global-content-edge-padding);padding-right:var(--global-content-edge-padding);padding-top:275px;padding-bottom:25px;grid-template-columns:minmax(0, 1fr);}.kb-row-layout-id1623_76654c-1c{background-image:url('https:\/\/www.okam-ortho.fr\/wp-content\/uploads\/2023\/01\/bandeau-gris.jpg');background-size:cover;background-position:center center;background-attachment:scroll;background-repeat:no-repeat;}.kb-row-layout-id1623_76654c-1c > .kt-row-layout-overlay{opacity:0.35;background-color:var(--global-palette9, #ffffff);}@media all and (max-width: 1024px){.kb-row-layout-id1623_76654c-1c > .kt-row-column-wrap{grid-template-columns:minmax(0, 1fr);}}@media all and (max-width: 767px){.kb-row-layout-id1623_76654c-1c > .kt-row-column-wrap{grid-template-columns:minmax(0, 1fr);}}<\/style><div class=\"kb-row-layout-wrap kb-row-layout-id1623_76654c-1c alignnone kt-row-has-bg wp-block-kadence-rowlayout\"><div class=\"kt-row-layout-overlay kt-row-overlay-normal\"><\/div><div class=\"kt-row-column-wrap kt-has-1-columns kt-row-layout-equal kt-tab-layout-inherit kt-mobile-layout-row kt-row-valign-top kb-theme-content-width\">\n<style>.kadence-column1623_fe86d9-65 > .kt-inside-inner-col,.kadence-column1623_fe86d9-65 > .kt-inside-inner-col:before{border-top-left-radius:0px;border-top-right-radius:0px;border-bottom-right-radius:0px;border-bottom-left-radius:0px;}.kadence-column1623_fe86d9-65 > .kt-inside-inner-col{column-gap:var(--global-kb-gap-sm, 1rem);}.kadence-column1623_fe86d9-65 > .kt-inside-inner-col{flex-direction:column;}.kadence-column1623_fe86d9-65 > .kt-inside-inner-col > .aligncenter{width:100%;}.kadence-column1623_fe86d9-65 > .kt-inside-inner-col:before{opacity:0.3;}.kadence-column1623_fe86d9-65{position:relative;}@media all and (max-width: 1024px){.kadence-column1623_fe86d9-65 > .kt-inside-inner-col{flex-direction:column;justify-content:center;}}@media all and (max-width: 767px){.kadence-column1623_fe86d9-65 > .kt-inside-inner-col{flex-direction:column;justify-content:center;}}<\/style>\n<div class=\"wp-block-kadence-column kadence-column1623_fe86d9-65 inner-column-1\"><div class=\"kt-inside-inner-col\"><\/div><\/div>\n\n<\/div><\/div>\n\n\n<h1 class=\"wp-block-heading has-text-align-center\"><strong>Qui suis-je ?<\/strong><\/h1>\n\n\n<style>.kb-row-layout-id1623_2718f7-ae > .kt-row-column-wrap{align-content:start;}:where(.kb-row-layout-id1623_2718f7-ae > .kt-row-column-wrap) > .wp-block-kadence-column{justify-content:start;}.kb-row-layout-id1623_2718f7-ae > .kt-row-column-wrap{column-gap:80px;row-gap:var(--global-kb-gap-md, 2rem);max-width:var( --global-content-width, 1290px );padding-left:var(--global-content-edge-padding);padding-right:var(--global-content-edge-padding);padding-top:25px;padding-bottom:90px;grid-template-columns:minmax(0, calc(65% - ((80px * 1 )\/2)))minmax(0, calc(35% - ((80px * 1 )\/2)));}.kb-row-layout-id1623_2718f7-ae > .kt-row-layout-overlay{opacity:0.30;}@media all and (max-width: 1024px){.kb-row-layout-id1623_2718f7-ae > .kt-row-column-wrap{grid-template-columns:repeat(2, minmax(0, 1fr));}}@media all and (max-width: 767px){.kb-row-layout-id1623_2718f7-ae > .kt-row-column-wrap{grid-template-columns:minmax(0, 1fr);}}<\/style><div class=\"kb-row-layout-wrap kb-row-layout-id1623_2718f7-ae alignnone wp-block-kadence-rowlayout\"><div class=\"kt-row-column-wrap kt-has-2-columns kt-row-layout-equal kt-tab-layout-inherit kt-mobile-layout-row kt-row-valign-top kb-theme-content-width\">\n<style>.kadence-column1623_dd9dcf-13 > .kt-inside-inner-col{display:flex;}.kadence-column1623_dd9dcf-13 > .kt-inside-inner-col{padding-top:17px;padding-right:25px;padding-bottom:17px;padding-left:22px;}.kadence-column1623_dd9dcf-13 > .kt-inside-inner-col{min-height:261px;box-shadow:0px 0px 14px 0px rgba(0, 0, 0, 0.2);}.kadence-column1623_dd9dcf-13 > .kt-inside-inner-col,.kadence-column1623_dd9dcf-13 > .kt-inside-inner-col:before{border-top-left-radius:0px;border-top-right-radius:0px;border-bottom-right-radius:0px;border-bottom-left-radius:0px;}.kadence-column1623_dd9dcf-13 > .kt-inside-inner-col{column-gap:var(--global-kb-gap-sm, 1rem);}.kadence-column1623_dd9dcf-13 > .kt-inside-inner-col{flex-direction:column;justify-content:flex-start;}.kadence-column1623_dd9dcf-13 > .kt-inside-inner-col > .aligncenter{width:100%;}.kt-row-column-wrap > .kadence-column1623_dd9dcf-13{align-self:flex-start;}.kt-inner-column-height-full:not(.kt-has-1-columns) > .wp-block-kadence-column.kadence-column1623_dd9dcf-13{align-self:auto;}.kt-inner-column-height-full:not(.kt-has-1-columns) > .wp-block-kadence-column.kadence-column1623_dd9dcf-13 > .kt-inside-inner-col{flex-direction:column;justify-content:flex-start;}.kadence-column1623_dd9dcf-13 > .kt-inside-inner-col:before{opacity:0.3;}.kadence-column1623_dd9dcf-13{position:relative;}@media all and (max-width: 1024px){.kt-row-column-wrap > .kadence-column1623_dd9dcf-13{align-self:flex-start;}}@media all and (max-width: 1024px){.kt-inner-column-height-full:not(.kt-has-1-columns) > .wp-block-kadence-column.kadence-column1623_dd9dcf-13{align-self:auto;}}@media all and (max-width: 1024px){.kt-inner-column-height-full:not(.kt-has-1-columns) > .wp-block-kadence-column.kadence-column1623_dd9dcf-13 > .kt-inside-inner-col{flex-direction:column;justify-content:flex-start;}}@media all and (max-width: 1024px){.kadence-column1623_dd9dcf-13 > .kt-inside-inner-col{flex-direction:column;justify-content:flex-start;}}@media all and (max-width: 767px){.kt-row-column-wrap > .kadence-column1623_dd9dcf-13{align-self:flex-start;}.kt-inner-column-height-full:not(.kt-has-1-columns) > .wp-block-kadence-column.kadence-column1623_dd9dcf-13{align-self:auto;}.kt-inner-column-height-full:not(.kt-has-1-columns) > .wp-block-kadence-column.kadence-column1623_dd9dcf-13 > .kt-inside-inner-col{flex-direction:column;justify-content:flex-start;}.kadence-column1623_dd9dcf-13 > .kt-inside-inner-col{flex-direction:column;justify-content:flex-start;}}<\/style>\n<div class=\"wp-block-kadence-column kadence-column1623_dd9dcf-13 inner-column-1\"><div class=\"kt-inside-inner-col\">\n<p class=\"has-text-color\" style=\"color:#553e91\">Bonjour,<\/p>\n\n\n\n<p class=\"has-text-color\" style=\"color:#553e91\">Je suis Marie ORTIZ, orthoproth\u00e9siste. Je suis mari\u00e9e, j&rsquo;ai 2 enfants.  j&rsquo;ai obtenu le BTS \u00ab\u00a0Proth\u00e9siste &#8211; Orth\u00e9siste\u00a0\u00bb au lyc\u00e9e d&rsquo;Alembert de Paris en 2008.<\/p>\n\n\n\n<p>J&rsquo;exerce maintenant ce m\u00e9tier depuis plus de 15 ans. J&rsquo;ai travaill\u00e9 pour plusieurs cabinets d&rsquo;orthop\u00e9die sur Lille et Reims. Forte de ces ann\u00e9es d&rsquo; exp\u00e9rience enrichissantes, j&rsquo;ai voulu cr\u00e9er mon cabinet pour r\u00e9aliser et adapter les diff\u00e9rents appareils et accompagner de mon mieux les patients.<\/p>\n\n\n\n<p>Je suis \u00e0 votre disposition pour toutes questions ou pr\u00e9occupations concernant votre orth\u00e8se.<\/p>\n<\/div><\/div>\n\n\n<style>.kadence-column1623_21a99a-9c > .kt-inside-inner-col,.kadence-column1623_21a99a-9c > .kt-inside-inner-col:before{border-top-left-radius:0px;border-top-right-radius:0px;border-bottom-right-radius:0px;border-bottom-left-radius:0px;}.kadence-column1623_21a99a-9c > .kt-inside-inner-col{column-gap:var(--global-kb-gap-sm, 1rem);}.kadence-column1623_21a99a-9c > .kt-inside-inner-col{flex-direction:column;}.kadence-column1623_21a99a-9c > .kt-inside-inner-col > .aligncenter{width:100%;}.kadence-column1623_21a99a-9c > .kt-inside-inner-col:before{opacity:0.3;}.kadence-column1623_21a99a-9c{position:relative;}@media all and (max-width: 1024px){.kadence-column1623_21a99a-9c > .kt-inside-inner-col{flex-direction:column;justify-content:center;}}@media all and (max-width: 767px){.kadence-column1623_21a99a-9c > .kt-inside-inner-col{flex-direction:column;justify-content:center;}}<\/style>\n<div class=\"wp-block-kadence-column kadence-column1623_21a99a-9c inner-column-2\"><div class=\"kt-inside-inner-col\">\n<figure class=\"wp-block-video\"><video height=\"720\" style=\"aspect-ratio: 1280 \/ 720;\" width=\"1280\" autoplay loop muted src=\"https:\/\/www.okam-ortho.fr\/wp-content\/uploads\/2025\/07\/Logo-Reveal-OKAM-10s-optimisee.mp4\"><\/video><\/figure>\n<\/div><\/div>\n\n<\/div><\/div>","protected":false},"excerpt":{"rendered":"<p>Qui suis-je ? Bonjour, Je suis Marie ORTIZ, orthoproth\u00e9siste. Je suis mari\u00e9e, j&rsquo;ai 2 enfants. j&rsquo;ai obtenu le BTS \u00ab\u00a0Proth\u00e9siste &#8211; Orth\u00e9siste\u00a0\u00bb au lyc\u00e9e d&rsquo;Alembert de Paris en 2008. J&rsquo;exerce maintenant ce m\u00e9tier depuis plus de 15 ans. J&rsquo;ai travaill\u00e9 pour plusieurs cabinets d&rsquo;orthop\u00e9die sur Lille et Reims. Forte de ces ann\u00e9es d&rsquo; exp\u00e9rience enrichissantes,&#8230;<\/p>\n","protected":false},"author":1,"featured_media":0,"parent":0,"menu_order":0,"comment_status":"closed","ping_status":"closed","template":"","meta":{"_kadence_starter_templates_imported_post":true,"_kad_post_transparent":"enable","_kad_post_title":"hide","_kad_post_layout":"fullwidth","_kad_post_sidebar_id":"","_kad_post_content_style":"unboxed","_kad_post_vertical_padding":"hide","_kad_post_feature":"","_kad_post_feature_position":"","_kad_post_header":false,"_kad_post_footer":false,"_kad_post_classname":"","footnotes":""},"class_list":["post-1623","page","type-page","status-publish","hentry"],"_links":{"self":[{"href":"https:\/\/www.okam-ortho.fr\/index.php\/wp-json\/wp\/v2\/pages\/1623","targetHints":{"allow":["GET"]}}],"collection":[{"href":"https:\/\/www.okam-ortho.fr\/index.php\/wp-json\/wp\/v2\/pages"}],"about":[{"href":"https:\/\/www.okam-ortho.fr\/index.php\/wp-json\/wp\/v2\/types\/page"}],"author":[{"embeddable":true,"href":"https:\/\/www.okam-ortho.fr\/index.php\/wp-json\/wp\/v2\/users\/1"}],"replies":[{"embeddable":true,"href":"https:\/\/www.okam-ortho.fr\/index.php\/wp-json\/wp\/v2\/comments?post=1623"}],"version-history":[{"count":38,"href":"https:\/\/www.okam-ortho.fr\/index.php\/wp-json\/wp\/v2\/pages\/1623\/revisions"}],"predecessor-version":[{"id":3447,"href":"https:\/\/www.okam-ortho.fr\/index.php\/wp-json\/wp\/v2\/pages\/1623\/revisions\/3447"}],"wp:attachment":[{"href":"https:\/\/www.okam-ortho.fr\/index.php\/wp-json\/wp\/v2\/media?parent=1623"}],"curies":[{"name":"wp","href":"https:\/\/api.w.org\/{rel}","templated":true}]}}