{"id":1632,"date":"2023-01-16T16:34:53","date_gmt":"2023-01-16T15:34:53","guid":{"rendered":"https:\/\/okam-ortho.fr\/?page_id=1632"},"modified":"2025-07-28T13:32:10","modified_gmt":"2025-07-28T11:32:10","slug":"me-contacter","status":"publish","type":"page","link":"https:\/\/www.okam-ortho.fr\/index.php\/me-contacter\/","title":{"rendered":"Me contacter"},"content":{"rendered":"<style>.kb-row-layout-id1632_7961e2-fe > .kt-row-column-wrap{align-content:center;}:where(.kb-row-layout-id1632_7961e2-fe > .kt-row-column-wrap) > .wp-block-kadence-column{justify-content:center;}.kb-row-layout-id1632_7961e2-fe > .kt-row-column-wrap{column-gap:var(--global-kb-gap-md, 2rem);row-gap:var(--global-kb-gap-md, 2rem);max-width:var( --global-content-width, 1290px );padding-left:var(--global-content-edge-padding);padding-right:var(--global-content-edge-padding);padding-top:275px;padding-bottom:25px;grid-template-columns:minmax(0, 1fr);}.kb-row-layout-id1632_7961e2-fe{background-image:url('https:\/\/www.okam-ortho.fr\/wp-content\/uploads\/2023\/01\/bandeau-gris.jpg');background-size:cover;background-position:center center;background-attachment:scroll;background-repeat:no-repeat;}.kb-row-layout-id1632_7961e2-fe > .kt-row-layout-overlay{opacity:0.35;background-color:var(--global-palette9, #ffffff);}.kb-row-layout-id1632_7961e2-fe ,.kb-row-layout-id1632_7961e2-fe h1,.kb-row-layout-id1632_7961e2-fe h2,.kb-row-layout-id1632_7961e2-fe h3,.kb-row-layout-id1632_7961e2-fe h4,.kb-row-layout-id1632_7961e2-fe h5,.kb-row-layout-id1632_7961e2-fe h6{color:#553e91;}@media all and (max-width: 1024px){.kb-row-layout-id1632_7961e2-fe > .kt-row-column-wrap{grid-template-columns:minmax(0, 1fr);}}@media all and (max-width: 767px){.kb-row-layout-id1632_7961e2-fe > .kt-row-column-wrap{grid-template-columns:minmax(0, 1fr);}}<\/style><div class=\"kb-row-layout-wrap kb-row-layout-id1632_7961e2-fe alignnone kt-row-has-bg wp-block-kadence-rowlayout\"><div class=\"kt-row-layout-overlay kt-row-overlay-normal\"><\/div><div class=\"kt-row-column-wrap kt-has-1-columns kt-row-layout-equal kt-tab-layout-inherit kt-mobile-layout-row kt-row-valign-middle kb-theme-content-width\">\n<style>.kadence-column1632_edc64a-de > .kt-inside-inner-col,.kadence-column1632_edc64a-de > .kt-inside-inner-col:before{border-top-left-radius:0px;border-top-right-radius:0px;border-bottom-right-radius:0px;border-bottom-left-radius:0px;}.kadence-column1632_edc64a-de > .kt-inside-inner-col{column-gap:var(--global-kb-gap-sm, 1rem);}.kadence-column1632_edc64a-de > .kt-inside-inner-col{flex-direction:column;}.kadence-column1632_edc64a-de > .kt-inside-inner-col > .aligncenter{width:100%;}.kadence-column1632_edc64a-de > .kt-inside-inner-col:before{opacity:0.3;}.kadence-column1632_edc64a-de{position:relative;}@media all and (max-width: 1024px){.kadence-column1632_edc64a-de > .kt-inside-inner-col{flex-direction:column;justify-content:center;}}@media all and (max-width: 767px){.kadence-column1632_edc64a-de > .kt-inside-inner-col{flex-direction:column;justify-content:center;}}<\/style>\n<div class=\"wp-block-kadence-column kadence-column1632_edc64a-de inner-column-1\"><div class=\"kt-inside-inner-col\"><\/div><\/div>\n\n<\/div><\/div>\n\n<style>.wp-block-kadence-spacer.kt-block-spacer-1632_b57db3-43 .kt-block-spacer{height:60px;}.wp-block-kadence-spacer.kt-block-spacer-1632_b57db3-43 .kt-divider{border-top-width:1px;height:1px;border-top-color:#eee;width:80%;border-top-style:solid;}<\/style>\n<div class=\"wp-block-kadence-spacer aligncenter kt-block-spacer-1632_b57db3-43\"><div class=\"kt-block-spacer kt-block-spacer-halign-center\"><hr class=\"kt-divider\"\/><\/div><\/div>\n\n\n<style>.kb-row-layout-id1632_9f8278-10 > .kt-row-column-wrap{align-content:start;}:where(.kb-row-layout-id1632_9f8278-10 > .kt-row-column-wrap) > .wp-block-kadence-column{justify-content:start;}.kb-row-layout-id1632_9f8278-10 > .kt-row-column-wrap{column-gap:var(--global-kb-gap-md, 2rem);row-gap:var(--global-kb-gap-md, 2rem);max-width:var( --global-content-width, 1290px );padding-left:var(--global-content-edge-padding);padding-right:var(--global-content-edge-padding);padding-top:var(--global-kb-spacing-sm, 1.5rem);padding-bottom:var(--global-kb-spacing-sm, 1.5rem);grid-template-columns:minmax(0, 1fr);}.kb-row-layout-id1632_9f8278-10 > .kt-row-layout-overlay{opacity:0.30;}.kb-row-layout-id1632_9f8278-10 .kt-row-layout-bottom-sep{height:100px;}.kb-row-layout-id1632_9f8278-10 .kt-row-layout-bottom-sep svg{width:100%;}.kb-row-layout-id1632_9f8278-10 .kt-row-layout-bottom-sep svg{fill:#ffffff!important;}@media all and (max-width: 1024px){.kb-row-layout-id1632_9f8278-10 > .kt-row-column-wrap{grid-template-columns:minmax(0, 1fr);}}@media all and (max-width: 1024px){.kb-row-layout-id1632_9f8278-10 .kt-row-layout-bottom-sep{height:px;}}@media all and (max-width: 1024px){.kb-row-layout-id1632_9f8278-10 .kt-row-layout-bottom-sep svg{width:%;}}@media all and (max-width: 767px){.kb-row-layout-id1632_9f8278-10 > .kt-row-column-wrap{grid-template-columns:minmax(0, 1fr);}.kb-row-layout-id1632_9f8278-10 .kt-row-layout-bottom-sep{height:px;}.kb-row-layout-id1632_9f8278-10 .kt-row-layout-bottom-sep svg{width:%;}}<\/style><div class=\"kb-row-layout-wrap kb-row-layout-id1632_9f8278-10 alignnone wp-block-kadence-rowlayout\"><div class=\"kt-row-column-wrap kt-has-1-columns kt-row-layout-equal kt-tab-layout-inherit kt-mobile-layout-row kt-row-valign-top kb-theme-content-width\">\n<style>.kadence-column1632_314624-df > .kt-inside-inner-col{display:flex;}.kadence-column1632_314624-df > .kt-inside-inner-col{padding-top:10px;padding-right:10px;padding-bottom:10px;padding-left:40px;}.kadence-column1632_314624-df > .kt-inside-inner-col{box-shadow:0px 0px 14px 0px rgba(0, 0, 0, 0.2);}.kadence-column1632_314624-df > .kt-inside-inner-col,.kadence-column1632_314624-df > .kt-inside-inner-col:before{border-top-left-radius:0px;border-top-right-radius:0px;border-bottom-right-radius:0px;border-bottom-left-radius:0px;}.kadence-column1632_314624-df > .kt-inside-inner-col{column-gap:var(--global-kb-gap-sm, 1rem);}.kadence-column1632_314624-df > .kt-inside-inner-col{flex-direction:column;justify-content:flex-start;}.kadence-column1632_314624-df > .kt-inside-inner-col > .aligncenter{width:100%;}.kt-row-column-wrap > .kadence-column1632_314624-df{align-self:flex-start;}.kt-inner-column-height-full:not(.kt-has-1-columns) > .wp-block-kadence-column.kadence-column1632_314624-df{align-self:auto;}.kt-inner-column-height-full:not(.kt-has-1-columns) > .wp-block-kadence-column.kadence-column1632_314624-df > .kt-inside-inner-col{flex-direction:column;justify-content:flex-start;}.kadence-column1632_314624-df > .kt-inside-inner-col:before{opacity:0.3;}.kadence-column1632_314624-df{text-align:left;}.kadence-column1632_314624-df{position:relative;}@media all and (max-width: 1024px){.kt-row-column-wrap > .kadence-column1632_314624-df{align-self:flex-start;}}@media all and (max-width: 1024px){.kt-inner-column-height-full:not(.kt-has-1-columns) > .wp-block-kadence-column.kadence-column1632_314624-df{align-self:auto;}}@media all and (max-width: 1024px){.kt-inner-column-height-full:not(.kt-has-1-columns) > .wp-block-kadence-column.kadence-column1632_314624-df > .kt-inside-inner-col{flex-direction:column;justify-content:flex-start;}}@media all and (max-width: 1024px){.kadence-column1632_314624-df > .kt-inside-inner-col{flex-direction:column;justify-content:flex-start;}}@media all and (max-width: 767px){.kt-row-column-wrap > .kadence-column1632_314624-df{align-self:flex-start;}.kt-inner-column-height-full:not(.kt-has-1-columns) > .wp-block-kadence-column.kadence-column1632_314624-df{align-self:auto;}.kt-inner-column-height-full:not(.kt-has-1-columns) > .wp-block-kadence-column.kadence-column1632_314624-df > .kt-inside-inner-col{flex-direction:column;justify-content:flex-start;}.kadence-column1632_314624-df > .kt-inside-inner-col{flex-direction:column;justify-content:flex-start;}}<\/style>\n<div class=\"wp-block-kadence-column kadence-column1632_314624-df inner-column-1\"><div class=\"kt-inside-inner-col\">\n<p class=\"has-text-align-center\">Merci pour votre int\u00e9r\u00eat \u00e0 me contacter pour discuter de vos besoins en orth\u00e8se. <\/p>\n\n\n\n<h6 class=\"wp-block-heading\"><\/h6>\n<\/div><\/div>\n\n<\/div><\/div>\n\n<style>.kb-row-layout-id1632_db8974-16 > .kt-row-column-wrap{align-content:center;}:where(.kb-row-layout-id1632_db8974-16 > .kt-row-column-wrap) > .wp-block-kadence-column{justify-content:center;}.kb-row-layout-id1632_db8974-16 > .kt-row-column-wrap{column-gap:80px;row-gap:var(--global-kb-gap-md, 2rem);max-width:var( --global-content-width, 1290px );padding-left:var(--global-content-edge-padding);padding-right:var(--global-content-edge-padding);padding-top:25px;padding-bottom:0px;grid-template-columns:minmax(0, calc(25% - ((80px * 2 )\/3)))minmax(0, calc(45% - ((80px * 2 )\/3)))minmax(0, calc(30% - ((80px * 2 )\/3)));}.kb-row-layout-id1632_db8974-16 > .kt-row-layout-overlay{opacity:0.30;}.kb-row-layout-id1632_db8974-16 ,.kb-row-layout-id1632_db8974-16 h1,.kb-row-layout-id1632_db8974-16 h2,.kb-row-layout-id1632_db8974-16 h3,.kb-row-layout-id1632_db8974-16 h4,.kb-row-layout-id1632_db8974-16 h5,.kb-row-layout-id1632_db8974-16 h6{color:#553e91;}.kb-row-layout-id1632_db8974-16 a:hover{color:var(--global-palette1, #3182CE);}@media all and (max-width: 1024px){.kb-row-layout-id1632_db8974-16 > .kt-row-column-wrap > div:not(.added-for-specificity){grid-column:initial;}}@media all and (max-width: 1024px){.kb-row-layout-id1632_db8974-16 > .kt-row-column-wrap{grid-template-columns:repeat(3, minmax(0, 1fr));}}@media all and (max-width: 767px){.kb-row-layout-id1632_db8974-16 > .kt-row-column-wrap > div:not(.added-for-specificity){grid-column:initial;}.kb-row-layout-id1632_db8974-16 > .kt-row-column-wrap{grid-template-columns:minmax(0, 1fr);}}<\/style><div class=\"kb-row-layout-wrap kb-row-layout-id1632_db8974-16 aligncenter wp-block-kadence-rowlayout\"><div class=\"kt-row-column-wrap kt-has-3-columns kt-row-layout-equal kt-tab-layout-inherit kt-mobile-layout-row kt-row-valign-middle kb-theme-content-width\">\n<style>.kadence-column1632_dab1a0-ac > .kt-inside-inner-col{display:flex;}.kadence-column1632_dab1a0-ac > .kt-inside-inner-col{min-height:261px;box-shadow:2px 2px 14px 0px rgba(0, 0, 0, 0.2);}.kadence-column1632_dab1a0-ac > .kt-inside-inner-col,.kadence-column1632_dab1a0-ac > .kt-inside-inner-col:before{border-top-left-radius:0px;border-top-right-radius:0px;border-bottom-right-radius:0px;border-bottom-left-radius:0px;}.kadence-column1632_dab1a0-ac > .kt-inside-inner-col{column-gap:var(--global-kb-gap-sm, 1rem);}.kadence-column1632_dab1a0-ac > .kt-inside-inner-col{flex-direction:column;justify-content:flex-start;}.kadence-column1632_dab1a0-ac > .kt-inside-inner-col > .aligncenter{width:100%;}.kt-row-column-wrap > .kadence-column1632_dab1a0-ac{align-self:flex-start;}.kt-inner-column-height-full:not(.kt-has-1-columns) > .wp-block-kadence-column.kadence-column1632_dab1a0-ac{align-self:auto;}.kt-inner-column-height-full:not(.kt-has-1-columns) > .wp-block-kadence-column.kadence-column1632_dab1a0-ac > .kt-inside-inner-col{flex-direction:column;justify-content:flex-start;}.kadence-column1632_dab1a0-ac > .kt-inside-inner-col:before{opacity:0.3;}.kadence-column1632_dab1a0-ac, .kadence-column1632_dab1a0-ac h1, .kadence-column1632_dab1a0-ac h2, .kadence-column1632_dab1a0-ac h3, .kadence-column1632_dab1a0-ac h4, .kadence-column1632_dab1a0-ac h5, .kadence-column1632_dab1a0-ac h6{color:#553e91;}.kadence-column1632_dab1a0-ac a{color:#3a75b5;}.kadence-column1632_dab1a0-ac a:hover{color:var(--global-palette1, #3182CE);}.kadence-column1632_dab1a0-ac{position:relative;}@media all and (max-width: 1024px){.kt-row-column-wrap > .kadence-column1632_dab1a0-ac{align-self:flex-start;}}@media all and (max-width: 1024px){.kt-inner-column-height-full:not(.kt-has-1-columns) > .wp-block-kadence-column.kadence-column1632_dab1a0-ac{align-self:auto;}}@media all and (max-width: 1024px){.kt-inner-column-height-full:not(.kt-has-1-columns) > .wp-block-kadence-column.kadence-column1632_dab1a0-ac > .kt-inside-inner-col{flex-direction:column;justify-content:flex-start;}}@media all and (max-width: 1024px){.kadence-column1632_dab1a0-ac > .kt-inside-inner-col{flex-direction:column;justify-content:flex-start;}}@media all and (max-width: 767px){.kt-row-column-wrap > .kadence-column1632_dab1a0-ac{align-self:flex-start;}.kt-inner-column-height-full:not(.kt-has-1-columns) > .wp-block-kadence-column.kadence-column1632_dab1a0-ac{align-self:auto;}.kt-inner-column-height-full:not(.kt-has-1-columns) > .wp-block-kadence-column.kadence-column1632_dab1a0-ac > .kt-inside-inner-col{flex-direction:column;justify-content:flex-start;}.kadence-column1632_dab1a0-ac > .kt-inside-inner-col{flex-direction:column;justify-content:flex-start;}}<\/style>\n<div class=\"wp-block-kadence-column kadence-column1632_dab1a0-ac inner-column-1\"><div class=\"kt-inside-inner-col\"><style>.wp-block-kadence-advancedheading.kt-adv-heading1632_9aee44-cc, .wp-block-kadence-advancedheading.kt-adv-heading1632_9aee44-cc[data-kb-block=\"kb-adv-heading1632_9aee44-cc\"]{text-align:center;font-size:25px;font-weight:300;font-style:normal;font-family:-apple-system,BlinkMacSystemFont,\"Segoe UI\",Roboto,Oxygen-Sans,Ubuntu,Cantarell,\"Helvetica Neue\",sans-serif, \"Apple Color Emoji\", \"Segoe UI Emoji\", \"Segoe UI Symbol\";color:#553e91;}.wp-block-kadence-advancedheading.kt-adv-heading1632_9aee44-cc mark.kt-highlight, .wp-block-kadence-advancedheading.kt-adv-heading1632_9aee44-cc[data-kb-block=\"kb-adv-heading1632_9aee44-cc\"] mark.kt-highlight{font-weight:normal;font-style:normal;color:#f76a0c;-webkit-box-decoration-break:clone;box-decoration-break:clone;padding-top:0px;padding-right:0px;padding-bottom:0px;padding-left:0px;}.wp-block-kadence-advancedheading.kt-adv-heading1632_9aee44-cc img.kb-inline-image, .wp-block-kadence-advancedheading.kt-adv-heading1632_9aee44-cc[data-kb-block=\"kb-adv-heading1632_9aee44-cc\"] img.kb-inline-image{width:150px;vertical-align:baseline;}<\/style>\n<h3 class=\"kt-adv-heading1632_9aee44-cc wp-block-kadence-advancedheading\" data-kb-block=\"kb-adv-heading1632_9aee44-cc\">Venez me voir !<\/h3>\n\n\n\n<p class=\"has-text-align-center has-text-color\" style=\"color:#553e91\"><a href=\"http:\/\/okam-ortho.fr\/index.php\/carte-google-maps\/\" data-type=\"page\" data-id=\"1858\">2 Rue Turenne 51100 Reims<\/a><\/p>\n\n\n\n<h4 class=\"wp-block-heading has-text-align-center has-text-color\" style=\"color:#fd0000\"><strong>Sur rendez-vous<\/strong><\/h4>\n\n\n\n<p class=\"has-text-align-center has-medium-font-size\"><strong>T\u00e9l :03.26.38.39.01<\/strong><\/p>\n\n\n<style>.wp-block-kadence-advancedheading.kt-adv-heading1632_b9b2b9-f9, .wp-block-kadence-advancedheading.kt-adv-heading1632_b9b2b9-f9[data-kb-block=\"kb-adv-heading1632_b9b2b9-f9\"]{text-align:center;font-size:17px;font-weight:200;font-style:normal;font-family:-apple-system,BlinkMacSystemFont,\"Segoe UI\",Roboto,Oxygen-Sans,Ubuntu,Cantarell,\"Helvetica Neue\",sans-serif, \"Apple Color Emoji\", \"Segoe UI Emoji\", \"Segoe UI Symbol\";color:#553e91;}.wp-block-kadence-advancedheading.kt-adv-heading1632_b9b2b9-f9 mark.kt-highlight, .wp-block-kadence-advancedheading.kt-adv-heading1632_b9b2b9-f9[data-kb-block=\"kb-adv-heading1632_b9b2b9-f9\"] mark.kt-highlight{font-style:normal;color:#f76a0c;-webkit-box-decoration-break:clone;box-decoration-break:clone;padding-top:0px;padding-right:0px;padding-bottom:0px;padding-left:0px;}.wp-block-kadence-advancedheading.kt-adv-heading1632_b9b2b9-f9 img.kb-inline-image, .wp-block-kadence-advancedheading.kt-adv-heading1632_b9b2b9-f9[data-kb-block=\"kb-adv-heading1632_b9b2b9-f9\"] img.kb-inline-image{width:150px;vertical-align:baseline;}<\/style>\n<h2 class=\"kt-adv-heading1632_b9b2b9-f9 wp-block-kadence-advancedheading\" data-kb-block=\"kb-adv-heading1632_b9b2b9-f9\"><strong>Horaires :<\/strong><\/h2>\n\n\n\n<p class=\"has-text-align-center has-text-color has-small-font-size\" style=\"color:#553e91\">lundi, mardi et jeudi : 08:30 -12:00  et 13:30-17:30<\/p>\n\n\n\n<p class=\"has-text-align-center has-text-color has-small-font-size\" style=\"color:#553e91\"> mercredi : 08:30-12:00 et 13:30-18:00<\/p>\n\n\n\n<p class=\"has-text-align-center has-small-font-size\">Vendredi : 08:00-12:00 et 13:30-16:00<\/p>\n\n\n\n<p class=\"has-text-align-center has-text-color\" style=\"color:#553e91\"><strong>Ferm\u00e9 Samedi et Dimanche<\/strong><\/p>\n\n\n<style>.wp-block-kadence-spacer.kt-block-spacer-1632_e71370-36 .kt-block-spacer{height:20px;}.wp-block-kadence-spacer.kt-block-spacer-1632_e71370-36 .kt-divider{border-top-width:1px;height:1px;border-top-color:var(--global-palette7, #EDF2F7);width:100%;border-top-style:solid;}<\/style>\n<div class=\"wp-block-kadence-spacer aligncenter kt-block-spacer-1632_e71370-36\"><div class=\"kt-block-spacer kt-block-spacer-halign-center\"><\/div><\/div>\n\n\n<style>.kb-row-layout-id1632_80c4a5-b7 > .kt-row-column-wrap{align-content:start;}:where(.kb-row-layout-id1632_80c4a5-b7 > .kt-row-column-wrap) > .wp-block-kadence-column{justify-content:start;}.kb-row-layout-id1632_80c4a5-b7 > .kt-row-column-wrap{column-gap:var(--global-kb-gap-md, 2rem);row-gap:var(--global-kb-gap-md, 2rem);padding-top:0px;padding-bottom:25px;grid-template-columns:minmax(0, 1fr);}.kb-row-layout-id1632_80c4a5-b7 > .kt-row-layout-overlay{opacity:0.30;}@media all and (max-width: 1024px){.kb-row-layout-id1632_80c4a5-b7 > .kt-row-column-wrap{grid-template-columns:minmax(0, 1fr);}}@media all and (max-width: 767px){.kb-row-layout-id1632_80c4a5-b7 > .kt-row-column-wrap{grid-template-columns:minmax(0, 1fr);}}<\/style><div class=\"kb-row-layout-wrap kb-row-layout-id1632_80c4a5-b7 alignnone wp-block-kadence-rowlayout\"><div class=\"kt-row-column-wrap kt-has-1-columns kt-row-layout-equal kt-tab-layout-inherit kt-mobile-layout-row kt-row-valign-top\">\n<style>.kadence-column1632_083b20-68 > .kt-inside-inner-col,.kadence-column1632_083b20-68 > .kt-inside-inner-col:before{border-top-left-radius:0px;border-top-right-radius:0px;border-bottom-right-radius:0px;border-bottom-left-radius:0px;}.kadence-column1632_083b20-68 > .kt-inside-inner-col{column-gap:var(--global-kb-gap-sm, 1rem);}.kadence-column1632_083b20-68 > .kt-inside-inner-col{flex-direction:column;}.kadence-column1632_083b20-68 > .kt-inside-inner-col > .aligncenter{width:100%;}.kadence-column1632_083b20-68 > .kt-inside-inner-col:before{opacity:0.3;}.kadence-column1632_083b20-68{position:relative;}@media all and (max-width: 1024px){.kadence-column1632_083b20-68 > .kt-inside-inner-col{flex-direction:column;justify-content:center;}}@media all and (max-width: 767px){.kadence-column1632_083b20-68 > .kt-inside-inner-col{flex-direction:column;justify-content:center;}}<\/style>\n<div class=\"wp-block-kadence-column kadence-column1632_083b20-68 inner-column-1\"><div class=\"kt-inside-inner-col\">\n<p class=\"has-text-align-center has-text-color has-small-font-size\" style=\"color:#553e91\"><a href=\"mailto:marie.ortiz@okam-ortho.fr\">marie.ortiz@okam-ortho.fr<\/a><\/p>\n<\/div><\/div>\n\n<\/div><\/div><\/div><\/div>\n\n\n<style>.kadence-column1632_67ae8e-b2 > .kt-inside-inner-col{min-height:0px;}.kadence-column1632_67ae8e-b2 > .kt-inside-inner-col,.kadence-column1632_67ae8e-b2 > .kt-inside-inner-col:before{border-top-left-radius:0px;border-top-right-radius:0px;border-bottom-right-radius:0px;border-bottom-left-radius:0px;}.kadence-column1632_67ae8e-b2 > .kt-inside-inner-col{column-gap:var(--global-kb-gap-sm, 1rem);}.kadence-column1632_67ae8e-b2 > .kt-inside-inner-col{flex-direction:column;}.kadence-column1632_67ae8e-b2 > .kt-inside-inner-col > .aligncenter{width:100%;}.kadence-column1632_67ae8e-b2 > .kt-inside-inner-col:before{opacity:0.3;}.kadence-column1632_67ae8e-b2{text-align:center;}.kadence-column1632_67ae8e-b2{position:relative;}@media all and (max-width: 1024px){.kadence-column1632_67ae8e-b2 > .kt-inside-inner-col{flex-direction:column;justify-content:center;}}@media all and (max-width: 767px){.kadence-column1632_67ae8e-b2 > .kt-inside-inner-col{flex-direction:column;justify-content:center;}}<\/style>\n<div class=\"wp-block-kadence-column kadence-column1632_67ae8e-b2 inner-column-2\"><div class=\"kt-inside-inner-col\">\n<figure class=\"wp-block-video\"><video height=\"540\" style=\"aspect-ratio: 960 \/ 540;\" width=\"960\" autoplay loop src=\"https:\/\/www.okam-ortho.fr\/wp-content\/uploads\/2025\/07\/Animation-Carte-de-visite_HD-optimisee.mp4\"><\/video><\/figure>\n<\/div><\/div>\n\n\n<style>.kadence-column1632_3b89b3-62 > .kt-inside-inner-col{box-shadow:2px 2px 14px 0px rgba(0, 0, 0, 0.2);}.kadence-column1632_3b89b3-62 > .kt-inside-inner-col,.kadence-column1632_3b89b3-62 > .kt-inside-inner-col:before{border-top-left-radius:0px;border-top-right-radius:0px;border-bottom-right-radius:0px;border-bottom-left-radius:0px;}.kadence-column1632_3b89b3-62 > .kt-inside-inner-col{column-gap:var(--global-kb-gap-sm, 1rem);}.kadence-column1632_3b89b3-62 > .kt-inside-inner-col{flex-direction:column;}.kadence-column1632_3b89b3-62 > .kt-inside-inner-col > .aligncenter{width:100%;}.kadence-column1632_3b89b3-62 > .kt-inside-inner-col:before{opacity:0.3;}.kadence-column1632_3b89b3-62{position:relative;}@media all and (max-width: 1024px){.kadence-column1632_3b89b3-62 > .kt-inside-inner-col{flex-direction:column;justify-content:center;}}@media all and (max-width: 767px){.kadence-column1632_3b89b3-62 > .kt-inside-inner-col{flex-direction:column;justify-content:center;}}<\/style>\n<div class=\"wp-block-kadence-column kadence-column1632_3b89b3-62 inner-column-3\"><div class=\"kt-inside-inner-col\">\n<div class=\"wp-block-contact-form-7-contact-form-selector\">\n<div class=\"wpcf7 no-js\" id=\"wpcf7-f1645-o1\" lang=\"fr-FR\" dir=\"ltr\" data-wpcf7-id=\"1645\">\n<div class=\"screen-reader-response\"><p role=\"status\" aria-live=\"polite\" aria-atomic=\"true\"><\/p> <ul><\/ul><\/div>\n<form action=\"\/index.php\/wp-json\/wp\/v2\/pages\/1632#wpcf7-f1645-o1\" method=\"post\" class=\"wpcf7-form init\" aria-label=\"Formulaire de contact\" novalidate=\"novalidate\" data-status=\"init\">\n<fieldset class=\"hidden-fields-container\"><input type=\"hidden\" name=\"_wpcf7\" value=\"1645\" \/><input type=\"hidden\" name=\"_wpcf7_version\" value=\"6.1.5\" \/><input type=\"hidden\" name=\"_wpcf7_locale\" value=\"fr_FR\" \/><input type=\"hidden\" name=\"_wpcf7_unit_tag\" value=\"wpcf7-f1645-o1\" \/><input type=\"hidden\" name=\"_wpcf7_container_post\" value=\"0\" \/><input type=\"hidden\" name=\"_wpcf7_posted_data_hash\" value=\"\" \/>\n<\/fieldset>\n<p><label> Votre Nom et Pr\u00e9nom :<br \/>\n<span class=\"wpcf7-form-control-wrap\" data-name=\"your-name\"><input size=\"40\" maxlength=\"400\" class=\"wpcf7-form-control wpcf7-text wpcf7-validates-as-required\" autocomplete=\"name\" aria-required=\"true\" aria-invalid=\"false\" value=\"\" type=\"text\" name=\"your-name\" \/><\/span> <\/label>\n<\/p>\n<p><label> Votre E-mail (si vous avez une adresse Email) :<br \/>\n<span class=\"wpcf7-form-control-wrap\" data-name=\"your-email\"><input size=\"40\" maxlength=\"400\" class=\"wpcf7-form-control wpcf7-email wpcf7-text wpcf7-validates-as-email\" autocomplete=\"email\" aria-invalid=\"false\" value=\"\" type=\"email\" name=\"your-email\" \/><\/span> <\/label>\n<\/p>\n<p><label> Votre t\u00e9l\u00e9phone (portable ou fixe) :<br \/>\n<span class=\"wpcf7-form-control-wrap\" data-name=\"your-telephone\"><input size=\"40\" maxlength=\"10\" minlength=\"1\" class=\"wpcf7-form-control wpcf7-tel wpcf7-validates-as-required wpcf7-text wpcf7-validates-as-tel\" aria-required=\"true\" aria-invalid=\"false\" value=\"\" type=\"tel\" name=\"your-telephone\" \/><\/span> <\/label>\n<\/p>\n<p><label> Objet :<br \/>\n<span class=\"wpcf7-form-control-wrap\" data-name=\"your-subject\"><input size=\"40\" maxlength=\"400\" class=\"wpcf7-form-control wpcf7-text\" aria-invalid=\"false\" value=\"\" type=\"text\" name=\"your-subject\" \/><\/span> <\/label>\n<\/p>\n<p><label> Votre message :<br \/>\n<span class=\"wpcf7-form-control-wrap\" data-name=\"your-message\"><textarea cols=\"40\" rows=\"10\" maxlength=\"2000\" class=\"wpcf7-form-control wpcf7-textarea wpcf7-validates-as-required\" aria-required=\"true\" aria-invalid=\"false\" name=\"your-message\"><\/textarea><\/span> <\/label>\n<\/p>\n<p><input class=\"wpcf7-form-control wpcf7-submit has-spinner\" type=\"submit\" value=\"Envoyer votre message\" \/>\n<\/p><div class=\"wpcf7-response-output\" aria-hidden=\"true\"><\/div>\n<\/form>\n<\/div>\n<\/div>\n<\/div><\/div>\n\n<\/div><\/div>\n\n<style>.wp-block-kadence-spacer.kt-block-spacer-1632_d4796a-5e .kt-block-spacer{height:60px;}.wp-block-kadence-spacer.kt-block-spacer-1632_d4796a-5e .kt-divider{border-top-width:1px;height:1px;border-top-color:#eee;width:80%;border-top-style:solid;}<\/style>\n<div class=\"wp-block-kadence-spacer aligncenter kt-block-spacer-1632_d4796a-5e\"><div class=\"kt-block-spacer kt-block-spacer-halign-center\"><\/div><\/div>\n\n\n<style>.wp-block-kadence-spacer.kt-block-spacer-1632_dd2a09-e9 .kt-block-spacer{height:60px;}.wp-block-kadence-spacer.kt-block-spacer-1632_dd2a09-e9 .kt-divider{border-top-width:1px;height:1px;border-top-color:#eee;width:80%;border-top-style:solid;}<\/style>\n<div class=\"wp-block-kadence-spacer aligncenter kt-block-spacer-1632_dd2a09-e9\"><div class=\"kt-block-spacer kt-block-spacer-halign-center\"><\/div><\/div>\n","protected":false},"excerpt":{"rendered":"<p>Merci pour votre int\u00e9r\u00eat \u00e0 me contacter pour discuter de vos besoins en orth\u00e8se. Venez me voir ! 2 Rue Turenne 51100 Reims Sur rendez-vous T\u00e9l :03.26.38.39.01 Horaires : lundi, mardi et jeudi : 08:30 -12:00 et 13:30-17:30 mercredi : 08:30-12:00 et 13:30-18:00 Vendredi : 08:00-12:00 et 13:30-16:00 Ferm\u00e9 Samedi et Dimanche marie.ortiz@okam-ortho.fr<\/p>\n","protected":false},"author":1,"featured_media":0,"parent":0,"menu_order":0,"comment_status":"closed","ping_status":"closed","template":"","meta":{"_kadence_starter_templates_imported_post":true,"_kad_post_transparent":"enable","_kad_post_title":"hide","_kad_post_layout":"fullwidth","_kad_post_sidebar_id":"","_kad_post_content_style":"unboxed","_kad_post_vertical_padding":"hide","_kad_post_feature":"","_kad_post_feature_position":"","_kad_post_header":false,"_kad_post_footer":false,"_kad_post_classname":"","footnotes":""},"class_list":["post-1632","page","type-page","status-publish","hentry"],"_links":{"self":[{"href":"https:\/\/www.okam-ortho.fr\/index.php\/wp-json\/wp\/v2\/pages\/1632","targetHints":{"allow":["GET"]}}],"collection":[{"href":"https:\/\/www.okam-ortho.fr\/index.php\/wp-json\/wp\/v2\/pages"}],"about":[{"href":"https:\/\/www.okam-ortho.fr\/index.php\/wp-json\/wp\/v2\/types\/page"}],"author":[{"embeddable":true,"href":"https:\/\/www.okam-ortho.fr\/index.php\/wp-json\/wp\/v2\/users\/1"}],"replies":[{"embeddable":true,"href":"https:\/\/www.okam-ortho.fr\/index.php\/wp-json\/wp\/v2\/comments?post=1632"}],"version-history":[{"count":55,"href":"https:\/\/www.okam-ortho.fr\/index.php\/wp-json\/wp\/v2\/pages\/1632\/revisions"}],"predecessor-version":[{"id":3448,"href":"https:\/\/www.okam-ortho.fr\/index.php\/wp-json\/wp\/v2\/pages\/1632\/revisions\/3448"}],"wp:attachment":[{"href":"https:\/\/www.okam-ortho.fr\/index.php\/wp-json\/wp\/v2\/media?parent=1632"}],"curies":[{"name":"wp","href":"https:\/\/api.w.org\/{rel}","templated":true}]}}