{"id":1691,"date":"2023-01-16T17:52:47","date_gmt":"2023-01-16T16:52:47","guid":{"rendered":"https:\/\/okam-ortho.fr\/?page_id=1691"},"modified":"2023-03-12T21:20:06","modified_gmt":"2023-03-12T20:20:06","slug":"les-deformations-positionnelles","status":"publish","type":"page","link":"https:\/\/www.okam-ortho.fr\/index.php\/les-deformations-positionnelles\/","title":{"rendered":"Les d\u00e9formations positionnelles"},"content":{"rendered":"<style>.kb-row-layout-id_b592d6-a7 > .kt-row-column-wrap{align-content:start;}:where(.kb-row-layout-id_b592d6-a7 > .kt-row-column-wrap) > .wp-block-kadence-column{justify-content:start;}.kb-row-layout-id_b592d6-a7 > .kt-row-column-wrap{column-gap:var(--global-kb-gap-md, 2rem);row-gap:var(--global-kb-gap-md, 2rem);max-width:var( --global-content-width, 1290px );padding-left:var(--global-content-edge-padding);padding-right:var(--global-content-edge-padding);padding-top:225px;padding-bottom:64px;grid-template-columns:minmax(0, 1fr);}.kb-row-layout-id_b592d6-a7{background-image:url('https:\/\/www.okam-ortho.fr\/wp-content\/uploads\/2023\/03\/baby-7-1920x1280-1.jpg');background-size:cover;background-position:center center;background-attachment:scroll;background-repeat:no-repeat;}.kb-row-layout-id_b592d6-a7 > .kt-row-layout-overlay{opacity:0.00;background-color:#242d2d;}@media all and (max-width: 1024px){.kb-row-layout-id_b592d6-a7 > .kt-row-column-wrap{grid-template-columns:minmax(0, 1fr);}}@media all and (max-width: 767px){.kb-row-layout-id_b592d6-a7 > .kt-row-column-wrap{grid-template-columns:minmax(0, 1fr);}}<\/style><div class=\"kb-row-layout-wrap kb-row-layout-id_b592d6-a7 alignnone kt-row-has-bg wp-block-kadence-rowlayout\"><div class=\"kt-row-layout-overlay kt-row-overlay-normal\"><\/div><div class=\"kt-row-column-wrap kt-has-1-columns kt-row-layout-equal kt-tab-layout-inherit kt-mobile-layout-row kt-row-valign-top kb-theme-content-width\">\n<style>.kadence-column_ddcf9a-07 > .kt-inside-inner-col,.kadence-column_ddcf9a-07 > .kt-inside-inner-col:before{border-top-left-radius:0px;border-top-right-radius:0px;border-bottom-right-radius:0px;border-bottom-left-radius:0px;}.kadence-column_ddcf9a-07 > .kt-inside-inner-col{column-gap:var(--global-kb-gap-sm, 1rem);}.kadence-column_ddcf9a-07 > .kt-inside-inner-col{flex-direction:column;}.kadence-column_ddcf9a-07 > .kt-inside-inner-col > .aligncenter{width:100%;}.kadence-column_ddcf9a-07 > .kt-inside-inner-col:before{opacity:0.3;}.kadence-column_ddcf9a-07{position:relative;}@media all and (max-width: 1024px){.kadence-column_ddcf9a-07 > .kt-inside-inner-col{flex-direction:column;justify-content:center;}}@media all and (max-width: 767px){.kadence-column_ddcf9a-07 > .kt-inside-inner-col{flex-direction:column;justify-content:center;}}<\/style>\n<div class=\"wp-block-kadence-column kadence-column_ddcf9a-07 inner-column-1\"><div class=\"kt-inside-inner-col\"><style>.wp-block-kadence-advancedheading.kt-adv-heading_cff1a1-ad, .wp-block-kadence-advancedheading.kt-adv-heading_cff1a1-ad[data-kb-block=\"kb-adv-heading_cff1a1-ad\"]{font-size:65px;font-weight:200;font-style:normal;font-family:-apple-system,BlinkMacSystemFont,\"Segoe UI\",Roboto,Oxygen-Sans,Ubuntu,Cantarell,\"Helvetica Neue\",sans-serif, \"Apple Color Emoji\", \"Segoe UI Emoji\", \"Segoe UI Symbol\";text-shadow:2px 2px 1px #050505;}.wp-block-kadence-advancedheading.kt-adv-heading_cff1a1-ad mark.kt-highlight, .wp-block-kadence-advancedheading.kt-adv-heading_cff1a1-ad[data-kb-block=\"kb-adv-heading_cff1a1-ad\"] mark.kt-highlight{font-style:normal;color:#f76a0c;-webkit-box-decoration-break:clone;box-decoration-break:clone;padding-top:0px;padding-right:0px;padding-bottom:0px;padding-left:0px;}.wp-block-kadence-advancedheading.kt-adv-heading_cff1a1-ad img.kb-inline-image, .wp-block-kadence-advancedheading.kt-adv-heading_cff1a1-ad[data-kb-block=\"kb-adv-heading_cff1a1-ad\"] img.kb-inline-image{width:150px;vertical-align:baseline;}@media all and (max-width: 1024px){.wp-block-kadence-advancedheading.kt-adv-heading_cff1a1-ad, .wp-block-kadence-advancedheading.kt-adv-heading_cff1a1-ad[data-kb-block=\"kb-adv-heading_cff1a1-ad\"]{text-shadow:2px 2px 1px #050505;font-size:45px;}}@media all and (max-width: 767px){.wp-block-kadence-advancedheading.kt-adv-heading_cff1a1-ad, .wp-block-kadence-advancedheading.kt-adv-heading_cff1a1-ad[data-kb-block=\"kb-adv-heading_cff1a1-ad\"]{text-shadow:2px 2px 1px #050505;font-size:35px;}}<\/style>\n<h1 class=\"kt-adv-heading_cff1a1-ad wp-block-kadence-advancedheading has-theme-palette-9-color has-text-color\" data-kb-block=\"kb-adv-heading_cff1a1-ad\">Les d\u00e9formations positionnelles<\/h1>\n<\/div><\/div>\n\n<\/div><\/div>\n\n<style>.kb-row-layout-wrap.wp-block-kadence-rowlayout.kb-row-layout-id_be05b7-59{margin-top:0px;margin-bottom:30px;}.kb-row-layout-id_be05b7-59 > .kt-row-column-wrap{align-content:center;}:where(.kb-row-layout-id_be05b7-59 > .kt-row-column-wrap) > .wp-block-kadence-column{justify-content:center;}.kb-row-layout-id_be05b7-59 > .kt-row-column-wrap{column-gap:20px;row-gap:var(--global-kb-gap-none, 0rem );max-width:var( --global-content-width, 1290px );padding-left:var(--global-content-edge-padding);padding-right:var(--global-content-edge-padding);padding-top:90px;padding-right:0px;padding-bottom:90px;padding-left:0px;grid-template-columns:minmax(0, calc(50% - ((20px * 1 )\/2)))minmax(0, calc(50% - ((20px * 1 )\/2)));}.kb-row-layout-id_be05b7-59{background-color:#ffffff;}.kb-row-layout-id_be05b7-59 > .kt-row-layout-overlay{opacity:0.30;}@media all and (max-width: 1024px){.kb-row-layout-id_be05b7-59 > .kt-row-column-wrap{padding-top:30px;padding-right:100px;padding-bottom:30px;padding-left:100px;grid-template-columns:repeat(2, minmax(0, 1fr));}}@media all and (max-width: 767px){.kb-row-layout-wrap.wp-block-kadence-rowlayout.kb-row-layout-id_be05b7-59{margin-top:0px;margin-bottom:0px;}.kb-row-layout-id_be05b7-59 > .kt-row-column-wrap{padding-top:60px;padding-right:40px;padding-bottom:30px;padding-left:40px;grid-template-columns:minmax(0, 1fr);}}<\/style><div class=\"kb-row-layout-wrap kb-row-layout-id_be05b7-59 alignnone kt-row-has-bg wp-block-kadence-rowlayout\"><div class=\"kt-row-column-wrap kt-has-2-columns kt-row-layout-equal kt-tab-layout-inherit kt-mobile-layout-row kt-row-valign-middle kb-theme-content-width\">\n<style>.kadence-column_88bc85-b5 > .kt-inside-inner-col{padding-top:20px;padding-right:50px;padding-bottom:20px;padding-left:20px;}.kadence-column_88bc85-b5 > .kt-inside-inner-col{box-shadow:0px 0px 14px 0px rgba(0, 0, 0, 0.2);}.kadence-column_88bc85-b5 > .kt-inside-inner-col,.kadence-column_88bc85-b5 > .kt-inside-inner-col:before{border-top-left-radius:0px;border-top-right-radius:0px;border-bottom-right-radius:0px;border-bottom-left-radius:0px;}.kadence-column_88bc85-b5 > .kt-inside-inner-col{column-gap:var(--global-kb-gap-sm, 1rem);}.kadence-column_88bc85-b5 > .kt-inside-inner-col{flex-direction:column;}.kadence-column_88bc85-b5 > .kt-inside-inner-col > .aligncenter{width:100%;}.kadence-column_88bc85-b5 > .kt-inside-inner-col:before{opacity:0.3;}.kadence-column_88bc85-b5, .kadence-column_88bc85-b5 h1, .kadence-column_88bc85-b5 h2, .kadence-column_88bc85-b5 h3, .kadence-column_88bc85-b5 h4, .kadence-column_88bc85-b5 h5, .kadence-column_88bc85-b5 h6{color:#553e91;}.kadence-column_88bc85-b5 a{color:#3a75b5;}.kadence-column_88bc85-b5 a:hover{color:var(--global-palette1, #3182CE);}.kadence-column_88bc85-b5{position:relative;}@media all and (max-width: 1024px){.kadence-column_88bc85-b5 > .kt-inside-inner-col{flex-direction:column;justify-content:center;}}@media all and (max-width: 767px){.kadence-column_88bc85-b5 > .kt-inside-inner-col{padding-top:0px;padding-right:0px;padding-bottom:0px;padding-left:0px;flex-direction:column;justify-content:center;}}<\/style>\n<div class=\"wp-block-kadence-column kadence-column_88bc85-b5 inner-column-1\"><div class=\"kt-inside-inner-col\">\n<h3 class=\"has-text-color wp-block-heading\" style=\"color:#553e91\"><strong>Qu\u2019est-ce qu\u2019une d\u00e9formation positionnelle ?<\/strong><\/h3>\n\n\n\n<p>Les d\u00e9formations positionnelles sont des anomalies de forme et de posture du nourrisson qui se d\u00e9veloppent au cours des premiers mois de la vie et sont caus\u00e9es par des pressions prolong\u00e9es ou r\u00e9p\u00e9t\u00e9es sur le cr\u00e2ne encore immature et fragile.<\/p>\n\n\n\n<h3 class=\"has-text-color wp-block-heading\" style=\"color:#553e91\"><strong>Les types de d\u00e9formations positionnelles&nbsp;<\/strong><\/h3>\n\n\n\n<p>Les d\u00e9formations positionnelles du nourrisson peuvent \u00eatre de deux types :<\/p>\n\n\n\n<ul class=\"wp-block-list\">\n<li><strong>La plagioc\u00e9phalie<\/strong>\u00a0: Cette d\u00e9formation positionnelle se caract\u00e9rise par un aplatissement unilat\u00e9ral de l&rsquo;arri\u00e8re de la t\u00eate. Une avanc\u00e9e frontale, des asym\u00e9tries des oreilles et\/ou faciales peuvent \u00eatre observ\u00e9es, la s\u00e9v\u00e9rit\u00e9 de cette d\u00e9formation \u00e9tant mesur\u00e9e en millim\u00e8tres et\/ou en pourcentage. <\/li>\n\n\n\n<li><strong>La brachyc\u00e9phalie<\/strong>&nbsp;: Cette d\u00e9formation positionnelle est caract\u00e9ris\u00e9e par un&nbsp;plat en arri\u00e8re de la t\u00eate tr\u00e8s prononc\u00e9&nbsp;qui cause un effacement de la nuque, le cr\u00e2ne est alors plus large que profond. La s\u00e9v\u00e9rit\u00e9 de la d\u00e9formation est mesur\u00e9e en pourcentage. <\/li>\n<\/ul>\n<\/div><\/div>\n\n\n<style>.kadence-column_84095b-7d > .kt-inside-inner-col,.kadence-column_84095b-7d > .kt-inside-inner-col:before{border-top-left-radius:0px;border-top-right-radius:0px;border-bottom-right-radius:0px;border-bottom-left-radius:0px;}.kadence-column_84095b-7d > .kt-inside-inner-col{column-gap:var(--global-kb-gap-sm, 1rem);}.kadence-column_84095b-7d > .kt-inside-inner-col{flex-direction:column;}.kadence-column_84095b-7d > .kt-inside-inner-col > .aligncenter{width:100%;}.kadence-column_84095b-7d > .kt-inside-inner-col:before{opacity:0.3;}.kadence-column_84095b-7d{position:relative;}@media all and (max-width: 1024px){.kadence-column_84095b-7d > .kt-inside-inner-col{flex-direction:column;justify-content:center;}}@media all and (max-width: 767px){.kadence-column_84095b-7d > .kt-inside-inner-col{flex-direction:column;justify-content:center;}}<\/style>\n<div class=\"wp-block-kadence-column kadence-column_84095b-7d\"><div class=\"kt-inside-inner-col\"><\/div><\/div>\n\n<\/div><\/div>\n\n<style>.wp-block-kadence-advancedbtn.kb-btns_373266-22{gap:var(--global-kb-gap-xs, 0.5rem );justify-content:center;align-items:center;}.kt-btns_373266-22 .kt-button{font-weight:normal;font-style:normal;}<\/style>\n<div class=\"wp-block-kadence-advancedbtn kb-buttons-wrap kb-btns_373266-22\"><style>ul.menu .wp-block-kadence-advancedbtn .kb-btn_346760-8e.kb-button{width:initial;}.wp-block-kadence-advancedbtn .kb-btn_346760-8e.kb-button{box-shadow:2px 2px 2px 0px var(--global-palette6, #718096);}<\/style><a class=\"kb-button kt-button button kb-btn_346760-8e kt-btn-size-standard kt-btn-width-type-auto kb-btn-global-inherit  kt-btn-has-text-true kt-btn-has-svg-false  wp-block-button__link wp-block-kadence-singlebtn\" href=\"https:\/\/okam-ortho.fr\/index.php\/la-plagiocephalie\/\"><span class=\"kt-btn-inner-text\">RETOUR A LA PAGE PLAGIOC\u00c9PHALIE<\/span><\/a><\/div>\n\n\n<style>.wp-block-kadence-spacer.kt-block-spacer-_d2535b-a6 .kt-block-spacer{height:60px;}.wp-block-kadence-spacer.kt-block-spacer-_d2535b-a6 .kt-divider{border-top-width:1px;height:1px;border-top-color:#eee;width:80%;border-top-style:solid;}<\/style>\n<div class=\"wp-block-kadence-spacer aligncenter kt-block-spacer-_d2535b-a6\"><div class=\"kt-block-spacer kt-block-spacer-halign-center\"><\/div><\/div>\n","protected":false},"excerpt":{"rendered":"<p>Les d\u00e9formations positionnelles Qu\u2019est-ce qu\u2019une d\u00e9formation positionnelle ? Les d\u00e9formations positionnelles sont des anomalies de forme et de posture du nourrisson qui se d\u00e9veloppent au cours des premiers mois de la vie et sont caus\u00e9es par des pressions prolong\u00e9es ou r\u00e9p\u00e9t\u00e9es sur le cr\u00e2ne encore immature et fragile. Les types de d\u00e9formations positionnelles&nbsp; Les d\u00e9formations&#8230;<\/p>\n","protected":false},"author":1,"featured_media":0,"parent":0,"menu_order":0,"comment_status":"closed","ping_status":"closed","template":"","meta":{"_kadence_starter_templates_imported_post":true,"_kad_post_transparent":"enable","_kad_post_title":"hide","_kad_post_layout":"fullwidth","_kad_post_sidebar_id":"","_kad_post_content_style":"unboxed","_kad_post_vertical_padding":"hide","_kad_post_feature":"","_kad_post_feature_position":"","_kad_post_header":false,"_kad_post_footer":false,"_kad_post_classname":"","footnotes":""},"class_list":["post-1691","page","type-page","status-publish","hentry"],"_links":{"self":[{"href":"https:\/\/www.okam-ortho.fr\/index.php\/wp-json\/wp\/v2\/pages\/1691","targetHints":{"allow":["GET"]}}],"collection":[{"href":"https:\/\/www.okam-ortho.fr\/index.php\/wp-json\/wp\/v2\/pages"}],"about":[{"href":"https:\/\/www.okam-ortho.fr\/index.php\/wp-json\/wp\/v2\/types\/page"}],"author":[{"embeddable":true,"href":"https:\/\/www.okam-ortho.fr\/index.php\/wp-json\/wp\/v2\/users\/1"}],"replies":[{"embeddable":true,"href":"https:\/\/www.okam-ortho.fr\/index.php\/wp-json\/wp\/v2\/comments?post=1691"}],"version-history":[{"count":20,"href":"https:\/\/www.okam-ortho.fr\/index.php\/wp-json\/wp\/v2\/pages\/1691\/revisions"}],"predecessor-version":[{"id":2791,"href":"https:\/\/www.okam-ortho.fr\/index.php\/wp-json\/wp\/v2\/pages\/1691\/revisions\/2791"}],"wp:attachment":[{"href":"https:\/\/www.okam-ortho.fr\/index.php\/wp-json\/wp\/v2\/media?parent=1691"}],"curies":[{"name":"wp","href":"https:\/\/api.w.org\/{rel}","templated":true}]}}