{"id":1732,"date":"2023-01-16T18:57:37","date_gmt":"2023-01-16T17:57:37","guid":{"rendered":"https:\/\/okam-ortho.fr\/?page_id=1732"},"modified":"2023-03-12T21:40:01","modified_gmt":"2023-03-12T20:40:01","slug":"le-diagnostic-de-la-plagiocephalie","status":"publish","type":"page","link":"https:\/\/www.okam-ortho.fr\/index.php\/le-diagnostic-de-la-plagiocephalie\/","title":{"rendered":"Le diagnostic de la plagioc\u00e9phalie"},"content":{"rendered":"<style>.kb-row-layout-id_f6b1c6-19 > .kt-row-column-wrap{align-content:start;}:where(.kb-row-layout-id_f6b1c6-19 > .kt-row-column-wrap) > .wp-block-kadence-column{justify-content:start;}.kb-row-layout-id_f6b1c6-19 > .kt-row-column-wrap{column-gap:var(--global-kb-gap-md, 2rem);row-gap:var(--global-kb-gap-md, 2rem);max-width:var( --global-content-width, 1290px );padding-left:var(--global-content-edge-padding);padding-right:var(--global-content-edge-padding);padding-top:225px;padding-bottom:25px;grid-template-columns:minmax(0, 1fr);}.kb-row-layout-id_f6b1c6-19{background-image:url('https:\/\/www.okam-ortho.fr\/wp-content\/uploads\/2023\/03\/baby-4-1920x1280-1.jpg');background-size:cover;background-position:center center;background-attachment:scroll;background-repeat:no-repeat;}.kb-row-layout-id_f6b1c6-19 > .kt-row-layout-overlay{opacity:0.35;background-color:#242d2d;}@media all and (max-width: 1024px){.kb-row-layout-id_f6b1c6-19 > .kt-row-column-wrap{grid-template-columns:minmax(0, 1fr);}}@media all and (max-width: 767px){.kb-row-layout-id_f6b1c6-19 > .kt-row-column-wrap{grid-template-columns:minmax(0, 1fr);}}<\/style><div class=\"kb-row-layout-wrap kb-row-layout-id_f6b1c6-19 alignnone kt-row-has-bg wp-block-kadence-rowlayout\"><div class=\"kt-row-layout-overlay kt-row-overlay-normal\"><\/div><div class=\"kt-row-column-wrap kt-has-1-columns kt-row-layout-equal kt-tab-layout-inherit kt-mobile-layout-row kt-row-valign-top kb-theme-content-width\">\n<style>.kadence-column_32a82c-e3 > .kt-inside-inner-col,.kadence-column_32a82c-e3 > .kt-inside-inner-col:before{border-top-left-radius:0px;border-top-right-radius:0px;border-bottom-right-radius:0px;border-bottom-left-radius:0px;}.kadence-column_32a82c-e3 > .kt-inside-inner-col{column-gap:var(--global-kb-gap-sm, 1rem);}.kadence-column_32a82c-e3 > .kt-inside-inner-col{flex-direction:column;}.kadence-column_32a82c-e3 > .kt-inside-inner-col > .aligncenter{width:100%;}.kadence-column_32a82c-e3 > .kt-inside-inner-col:before{opacity:0.3;}.kadence-column_32a82c-e3{position:relative;}@media all and (max-width: 1024px){.kadence-column_32a82c-e3 > .kt-inside-inner-col{flex-direction:column;justify-content:center;}}@media all and (max-width: 767px){.kadence-column_32a82c-e3 > .kt-inside-inner-col{flex-direction:column;justify-content:center;}}<\/style>\n<div class=\"wp-block-kadence-column kadence-column_32a82c-e3 inner-column-1\"><div class=\"kt-inside-inner-col\"><style>.wp-block-kadence-advancedheading.kt-adv-heading_0a9431-30, .wp-block-kadence-advancedheading.kt-adv-heading_0a9431-30[data-kb-block=\"kb-adv-heading_0a9431-30\"]{font-size:65px;font-weight:200;font-style:normal;font-family:-apple-system,BlinkMacSystemFont,u0022Segoe UIu0022,Roboto,Oxygen-Sans,Ubuntu,Cantarell,u0022Helvetica Neueu0022,sans-serif, u0022Apple Color Emojiu0022, u0022Segoe UI Emojiu0022, u0022Segoe UI Symbolu0022;text-shadow:2px 2px 1px #000000;}.wp-block-kadence-advancedheading.kt-adv-heading_0a9431-30 mark.kt-highlight, .wp-block-kadence-advancedheading.kt-adv-heading_0a9431-30[data-kb-block=\"kb-adv-heading_0a9431-30\"] mark.kt-highlight{font-style:normal;color:#f76a0c;-webkit-box-decoration-break:clone;box-decoration-break:clone;padding-top:0px;padding-right:0px;padding-bottom:0px;padding-left:0px;}.wp-block-kadence-advancedheading.kt-adv-heading_0a9431-30 img.kb-inline-image, .wp-block-kadence-advancedheading.kt-adv-heading_0a9431-30[data-kb-block=\"kb-adv-heading_0a9431-30\"] img.kb-inline-image{width:150px;vertical-align:baseline;}@media all and (max-width: 1024px){.wp-block-kadence-advancedheading.kt-adv-heading_0a9431-30, .wp-block-kadence-advancedheading.kt-adv-heading_0a9431-30[data-kb-block=\"kb-adv-heading_0a9431-30\"]{text-shadow:2px 2px 1px #000000;font-size:45px;}}@media all and (max-width: 767px){.wp-block-kadence-advancedheading.kt-adv-heading_0a9431-30, .wp-block-kadence-advancedheading.kt-adv-heading_0a9431-30[data-kb-block=\"kb-adv-heading_0a9431-30\"]{text-shadow:2px 2px 1px #000000;font-size:35px;}}<\/style>\n<h1 class=\"kt-adv-heading_0a9431-30 wp-block-kadence-advancedheading has-theme-palette-9-color has-text-color\" data-kb-block=\"kb-adv-heading_0a9431-30\">Le diagnostic de la plagioc\u00e9phalie<\/h1>\n<\/div><\/div>\n\n<\/div><\/div>\n\n<style>.kb-row-layout-wrap.wp-block-kadence-rowlayout.kb-row-layout-id_c99139-d4{margin-top:0px;margin-bottom:30px;}.kb-row-layout-id_c99139-d4 > .kt-row-column-wrap{align-content:center;}:where(.kb-row-layout-id_c99139-d4 > .kt-row-column-wrap) > .wp-block-kadence-column{justify-content:center;}.kb-row-layout-id_c99139-d4 > .kt-row-column-wrap{column-gap:20px;row-gap:var(--global-kb-gap-none, 0rem );max-width:var( --global-content-width, 1290px );padding-left:var(--global-content-edge-padding);padding-right:var(--global-content-edge-padding);padding-top:90px;padding-right:0px;padding-bottom:90px;padding-left:0px;grid-template-columns:repeat(2, minmax(0, 1fr));}.kb-row-layout-id_c99139-d4{background-color:#ffffff;}.kb-row-layout-id_c99139-d4 > .kt-row-layout-overlay{opacity:0.30;}@media all and (max-width: 1024px){.kb-row-layout-id_c99139-d4 > .kt-row-column-wrap{padding-top:30px;padding-right:100px;padding-bottom:30px;padding-left:100px;grid-template-columns:repeat(2, minmax(0, 1fr));}}@media all and (max-width: 767px){.kb-row-layout-wrap.wp-block-kadence-rowlayout.kb-row-layout-id_c99139-d4{margin-top:0px;margin-bottom:0px;}.kb-row-layout-id_c99139-d4 > .kt-row-column-wrap{padding-top:60px;padding-right:40px;padding-bottom:30px;padding-left:40px;grid-template-columns:minmax(0, 1fr);}}<\/style><div class=\"kb-row-layout-wrap kb-row-layout-id_c99139-d4 alignnone kt-row-has-bg wp-block-kadence-rowlayout\"><div class=\"kt-row-column-wrap kt-has-2-columns kt-row-layout-equal kt-tab-layout-inherit kt-mobile-layout-row kt-row-valign-middle kb-theme-content-width\">\n<style>.kadence-column_ef1b5d-88 > .kt-inside-inner-col{padding-top:20px;padding-right:50px;padding-bottom:20px;padding-left:20px;}.kadence-column_ef1b5d-88 > .kt-inside-inner-col{min-height:1856px;box-shadow:0px 0px 14px 0px rgba(0, 0, 0, 0.2);}.kadence-column_ef1b5d-88 > .kt-inside-inner-col,.kadence-column_ef1b5d-88 > .kt-inside-inner-col:before{border-top-left-radius:0px;border-top-right-radius:0px;border-bottom-right-radius:0px;border-bottom-left-radius:0px;}.kadence-column_ef1b5d-88 > .kt-inside-inner-col{column-gap:var(--global-kb-gap-sm, 1rem);}.kadence-column_ef1b5d-88 > .kt-inside-inner-col{flex-direction:column;}.kadence-column_ef1b5d-88 > .kt-inside-inner-col > .aligncenter{width:100%;}.kadence-column_ef1b5d-88 > .kt-inside-inner-col:before{opacity:0.3;}.kadence-column_ef1b5d-88, .kadence-column_ef1b5d-88 h1, .kadence-column_ef1b5d-88 h2, .kadence-column_ef1b5d-88 h3, .kadence-column_ef1b5d-88 h4, .kadence-column_ef1b5d-88 h5, .kadence-column_ef1b5d-88 h6{color:#553e91;}.kadence-column_ef1b5d-88{position:relative;}@media all and (max-width: 1024px){.kadence-column_ef1b5d-88 > .kt-inside-inner-col{flex-direction:column;justify-content:center;}}@media all and (max-width: 767px){.kadence-column_ef1b5d-88 > .kt-inside-inner-col{padding-top:0px;padding-right:0px;padding-bottom:0px;padding-left:0px;flex-direction:column;justify-content:center;}}<\/style>\n<div class=\"wp-block-kadence-column kadence-column_ef1b5d-88 inner-column-1\"><div class=\"kt-inside-inner-col\">\n<h3 class=\"has-text-color wp-block-heading\" style=\"color:#553e91\"><strong>Comment reconna\u00eetre une \u00e9ventuelle d\u00e9formation positionnelle de type plagioc\u00e9phalie ou brachyc\u00e9phalie?<\/strong><\/h3>\n\n\n\n<p>Les parents peuvent identifier eux-m\u00eames ou le p\u00e9diatre peut reconna\u00eetre les sympt\u00f4mes de la d\u00e9formation positionnelle de type plagioc\u00e9phalie ou brachyc\u00e9phalie, qui sont multiples :<\/p>\n\n\n\n<ul class=\"wp-block-list\">\n<li>Les parents peuvent observer une asym\u00e9trie du cr\u00e2ne ou une t\u00eate plate \u00e0 l\u2019arri\u00e8re, sur un ou les deux c\u00f4t\u00e9s de la t\u00eate, uniquement sur l\u2019arri\u00e8re ou sur l\u2019ensemble de la t\u00eate.<\/li>\n\n\n\n<li>Il est \u00e9galement possible de remarquer une pro\u00e9minence du front, \u00e9galement appel\u00e9e \u00ab bosse de compensation \u00bb.<\/li>\n\n\n\n<li>On peut \u00e9galement remarquer un d\u00e9calage des oreilles, c&rsquo;est-\u00e0-dire que l&rsquo;une des oreilles est plus avanc\u00e9e que l&rsquo;autre.<\/li>\n<\/ul>\n\n\n\n<p>C&rsquo;est pourquoi les parents doivent \u00eatre vigilants et consulter un professionnel de sant\u00e9 si des doutes l\u00e9gitimes apparaissent.<\/p>\n\n\n\n<h3 class=\"has-text-color wp-block-heading\" style=\"color:#553e91\"><strong>Comment mesurer la s\u00e9v\u00e9rit\u00e9 d\u2019une d\u00e9formation ?<\/strong><\/h3>\n\n\n\n<p>On peut \u00e9valuer la gravit\u00e9 d&rsquo;une d\u00e9formation en scannant la t\u00eate du b\u00e9b\u00e9 en 3D et en observant une vue de dessus ainsi que plusieurs vues de coupe. Les mesures sont g\u00e9n\u00e9ralement prises au niveau des sourcils en vue de coupe.<\/p>\n\n\n\n<p>Pour \u00e9valuer la plagioc\u00e9phalie, on peut calculer l&rsquo;indice <strong>CVAI<\/strong> (Cranial Vault Asymmetry Index). Le <strong>CVAI<\/strong> est \u00e9gal \u00e0 la diff\u00e9rence entre les deux diagonales (D1 et D2) prises \u00e0 30\u00b0 par rapport \u00e0 l\u2019axe ant\u00e9ro-post\u00e9rieur, divis\u00e9e par la longueur de la plus grande diagonale, et multipli\u00e9e par 100. Une t\u00eate parfaitement ronde aura un <strong>CVAI<\/strong> de 0.<\/p>\n\n\n\n<figure class=\"wp-block-image\"><img decoding=\"async\" src=\"https:\/\/chabloz-plagio.com\/wp-content\/uploads\/2019\/12\/fr-image-mesures-plagio.png\" alt=\"image-mesures-plagio\" class=\"wp-image-3853\" title=\"image-mesures-plagio\"\/><\/figure>\n\n\n\n<p><a href=\"http:\/\/okamortho.local\/la-plagiocephalie\/\"> <\/a><\/p>\n<\/div><\/div>\n\n\n<style>.kadence-column_133ce3-b9 > .kt-inside-inner-col{padding-top:20px;padding-right:20px;padding-bottom:20px;padding-left:20px;}.kadence-column_133ce3-b9 > .kt-inside-inner-col{box-shadow:0px 0px 14px 0px rgba(0, 0, 0, 0.2);}.kadence-column_133ce3-b9 > .kt-inside-inner-col,.kadence-column_133ce3-b9 > .kt-inside-inner-col:before{border-top-left-radius:0px;border-top-right-radius:0px;border-bottom-right-radius:0px;border-bottom-left-radius:0px;}.kadence-column_133ce3-b9 > .kt-inside-inner-col{column-gap:var(--global-kb-gap-sm, 1rem);}.kadence-column_133ce3-b9 > .kt-inside-inner-col{flex-direction:column;}.kadence-column_133ce3-b9 > .kt-inside-inner-col > .aligncenter{width:100%;}.kadence-column_133ce3-b9 > .kt-inside-inner-col:before{opacity:0.3;}.kadence-column_133ce3-b9, .kadence-column_133ce3-b9 h1, .kadence-column_133ce3-b9 h2, .kadence-column_133ce3-b9 h3, .kadence-column_133ce3-b9 h4, .kadence-column_133ce3-b9 h5, .kadence-column_133ce3-b9 h6{color:#553e91;}.kadence-column_133ce3-b9 a{color:#3a75b5;}.kadence-column_133ce3-b9 a:hover{color:var(--global-palette1, #3182CE);}.kadence-column_133ce3-b9{position:relative;}@media all and (max-width: 1024px){.kadence-column_133ce3-b9 > .kt-inside-inner-col{flex-direction:column;justify-content:center;}}@media all and (max-width: 767px){.kadence-column_133ce3-b9 > .kt-inside-inner-col{padding-right:0px;padding-left:0px;flex-direction:column;justify-content:center;}}<\/style>\n<div class=\"wp-block-kadence-column kadence-column_133ce3-b9 inner-column-2\"><div class=\"kt-inside-inner-col\">\n<p>Pour \u00e9valuer <strong>la brachyc\u00e9phalie<\/strong>, on peut calculer l&rsquo;indice <strong>CI<\/strong> (Cranial Index). Le <strong>CI<\/strong> est \u00e9gal au rapport entre les mesures m\u00e9dio-lat\u00e9rale (ML) et ant\u00e9ro-post\u00e9rieure (AP), multipli\u00e9 par 100. Une t\u00eate dite normale aura un <strong>CI<\/strong> inf\u00e9rieur \u00e0 85.<\/p>\n\n\n\n<figure class=\"wp-block-image\"><img decoding=\"async\" src=\"https:\/\/chabloz-plagio.com\/wp-content\/uploads\/2019\/12\/fr-image-mesures-brachy.png\" alt=\"image-mesures-brachy\" class=\"wp-image-3855\" title=\"image-mesures-brachy\"\/><\/figure>\n\n\n\n<h3 class=\"has-text-color wp-block-heading\" style=\"color:#553e91\"><strong>Quand rep\u00e9rer les premiers signes ?<\/strong><\/h3>\n\n\n\n<p><br>La d\u00e9formation cr\u00e2nienne est g\u00e9n\u00e9ralement visible \u00e0 partir des 6 \u00e0 8 premi\u00e8res semaines de l\u2019enfant, et c\u2019est \u00e0 ce moment-l\u00e0 que les premiers signes peuvent \u00eatre d\u00e9tect\u00e9s \u00e0 l\u2019\u0153il nu.<\/p>\n\n\n\n<h3 class=\"has-text-color wp-block-heading\" style=\"color:#553e91\"><strong>Plagioc\u00e9phalie, qui consulter pour un diagnostic ?<\/strong><\/h3>\n\n\n\n<p>Bien qu&rsquo;il soit possible de rep\u00e9rer les premiers signes de plagioc\u00e9phalie ou de brachyc\u00e9phalie en observant son enfant, seul un professionnel de sant\u00e9 est habilit\u00e9 \u00e0 poser un diagnostic et \u00e0 \u00e9carter d&rsquo;autres pathologies. Dans le cas o\u00f9 des doutes persistent, les parents doivent consulter un m\u00e9decin g\u00e9n\u00e9raliste, un p\u00e9diatre, un kin\u00e9sith\u00e9rapeute ou un ost\u00e9opathe pour obtenir un premier avis. Il est parfois n\u00e9cessaire d&rsquo;avoir plusieurs avis.<\/p>\n\n\n\n<h3 class=\"has-text-color wp-block-heading\" style=\"color:#553e91\"><strong>Mon b\u00e9b\u00e9 a la t\u00eate plate, que faire ?<\/strong><\/h3>\n\n\n\n<p><strong>Traitement en kin\u00e9sith\u00e9rapie et ost\u00e9opathie<\/strong><\/p>\n\n\n\n<p>Une fois le diagnostic de d\u00e9formation cr\u00e2nienne confirm\u00e9, les professionnels de sant\u00e9 proposent un traitement par kin\u00e9sith\u00e9rapie ou ost\u00e9opathie d\u2019une dur\u00e9e d&rsquo;environ 3 mois.<\/p>\n\n\n\n<p><strong>Traitement orthop\u00e9dique<\/strong><\/p>\n\n\n\n<p>Si le traitement th\u00e9rapeutique ne produit pas d&rsquo;effets ou si la d\u00e9formation est importante, le traitement par le casque peu \u00eatre envisag\u00e9.<\/p>\n<\/div><\/div>\n\n<\/div><\/div>\n\n<style>.wp-block-kadence-advancedbtn.kb-btns_373266-22{gap:var(--global-kb-gap-xs, 0.5rem );justify-content:center;align-items:center;}.kt-btns_373266-22 .kt-button{font-weight:normal;font-style:normal;}<\/style>\n<div class=\"wp-block-kadence-advancedbtn kb-buttons-wrap kb-btns_373266-22\"><style>ul.menu .wp-block-kadence-advancedbtn .kb-btn_aa93fa-d7.kb-button{width:initial;}.wp-block-kadence-advancedbtn .kb-btn_aa93fa-d7.kb-button{box-shadow:2px 2px 2px 0px var(--global-palette6, #718096);}<\/style><a class=\"kb-button kt-button button kb-btn_aa93fa-d7 kt-btn-size-standard kt-btn-width-type-auto kb-btn-global-inherit  kt-btn-has-text-true kt-btn-has-svg-false  wp-block-button__link wp-block-kadence-singlebtn\" href=\"https:\/\/okam-ortho.fr\/index.php\/la-plagiocephalie\/\"><span class=\"kt-btn-inner-text\">RETOUR A LA PAGE PLAGIOC\u00c9PHALIE<\/span><\/a><\/div>\n\n\n<style>.wp-block-kadence-spacer.kt-block-spacer-_d2535b-a6 .kt-block-spacer{height:60px;}.wp-block-kadence-spacer.kt-block-spacer-_d2535b-a6 .kt-divider{border-top-width:1px;height:1px;border-top-color:#eee;width:80%;border-top-style:solid;}<\/style>\n<div class=\"wp-block-kadence-spacer aligncenter kt-block-spacer-_d2535b-a6\"><div class=\"kt-block-spacer kt-block-spacer-halign-center\"><\/div><\/div>\n","protected":false},"excerpt":{"rendered":"<p>Le diagnostic de la plagioc\u00e9phalie Comment reconna\u00eetre une \u00e9ventuelle d\u00e9formation positionnelle de type plagioc\u00e9phalie ou brachyc\u00e9phalie? Les parents peuvent identifier eux-m\u00eames ou le p\u00e9diatre peut reconna\u00eetre les sympt\u00f4mes de la d\u00e9formation positionnelle de type plagioc\u00e9phalie ou brachyc\u00e9phalie, qui sont multiples : C&rsquo;est pourquoi les parents doivent \u00eatre vigilants et consulter un professionnel de sant\u00e9 si&#8230;<\/p>\n","protected":false},"author":1,"featured_media":0,"parent":0,"menu_order":0,"comment_status":"closed","ping_status":"closed","template":"","meta":{"_kadence_starter_templates_imported_post":true,"_kad_post_transparent":"enable","_kad_post_title":"hide","_kad_post_layout":"fullwidth","_kad_post_sidebar_id":"","_kad_post_content_style":"unboxed","_kad_post_vertical_padding":"hide","_kad_post_feature":"","_kad_post_feature_position":"","_kad_post_header":false,"_kad_post_footer":false,"_kad_post_classname":"","footnotes":""},"class_list":["post-1732","page","type-page","status-publish","hentry"],"_links":{"self":[{"href":"https:\/\/www.okam-ortho.fr\/index.php\/wp-json\/wp\/v2\/pages\/1732","targetHints":{"allow":["GET"]}}],"collection":[{"href":"https:\/\/www.okam-ortho.fr\/index.php\/wp-json\/wp\/v2\/pages"}],"about":[{"href":"https:\/\/www.okam-ortho.fr\/index.php\/wp-json\/wp\/v2\/types\/page"}],"author":[{"embeddable":true,"href":"https:\/\/www.okam-ortho.fr\/index.php\/wp-json\/wp\/v2\/users\/1"}],"replies":[{"embeddable":true,"href":"https:\/\/www.okam-ortho.fr\/index.php\/wp-json\/wp\/v2\/comments?post=1732"}],"version-history":[{"count":14,"href":"https:\/\/www.okam-ortho.fr\/index.php\/wp-json\/wp\/v2\/pages\/1732\/revisions"}],"predecessor-version":[{"id":2794,"href":"https:\/\/www.okam-ortho.fr\/index.php\/wp-json\/wp\/v2\/pages\/1732\/revisions\/2794"}],"wp:attachment":[{"href":"https:\/\/www.okam-ortho.fr\/index.php\/wp-json\/wp\/v2\/media?parent=1732"}],"curies":[{"name":"wp","href":"https:\/\/api.w.org\/{rel}","templated":true}]}}