{"id":1736,"date":"2023-01-16T19:39:54","date_gmt":"2023-01-16T18:39:54","guid":{"rendered":"https:\/\/okam-ortho.fr\/?page_id=1736"},"modified":"2023-03-15T10:16:16","modified_gmt":"2023-03-15T09:16:16","slug":"plagiocephalie-quelles-consequences","status":"publish","type":"page","link":"https:\/\/www.okam-ortho.fr\/index.php\/plagiocephalie-quelles-consequences\/","title":{"rendered":"Plagioc\u00e9phalie, quelles cons\u00e9quences ?"},"content":{"rendered":"<style>.kb-row-layout-id_4dfce6-36 > .kt-row-column-wrap{align-content:start;}:where(.kb-row-layout-id_4dfce6-36 > .kt-row-column-wrap) > .wp-block-kadence-column{justify-content:start;}.kb-row-layout-id_4dfce6-36 > .kt-row-column-wrap{column-gap:var(--global-kb-gap-md, 2rem);row-gap:var(--global-kb-gap-md, 2rem);max-width:var( --global-content-width, 1290px );padding-left:var(--global-content-edge-padding);padding-right:var(--global-content-edge-padding);padding-top:225px;padding-bottom:25px;grid-template-columns:minmax(0, 1fr);}.kb-row-layout-id_4dfce6-36{background-image:url('https:\/\/www.okam-ortho.fr\/wp-content\/uploads\/2023\/03\/baby-2-1920x1280-1.jpg');background-size:cover;background-position:center center;background-attachment:scroll;background-repeat:no-repeat;}.kb-row-layout-id_4dfce6-36 > .kt-row-layout-overlay{opacity:0.35;background-color:#242d2d;}@media all and (max-width: 1024px){.kb-row-layout-id_4dfce6-36 > .kt-row-column-wrap{grid-template-columns:minmax(0, 1fr);}}@media all and (max-width: 767px){.kb-row-layout-id_4dfce6-36 > .kt-row-column-wrap{grid-template-columns:minmax(0, 1fr);}}<\/style><div class=\"kb-row-layout-wrap kb-row-layout-id_4dfce6-36 alignnone kt-row-has-bg wp-block-kadence-rowlayout\"><div class=\"kt-row-layout-overlay kt-row-overlay-normal\"><\/div><div class=\"kt-row-column-wrap kt-has-1-columns kt-row-layout-equal kt-tab-layout-inherit kt-mobile-layout-row kt-row-valign-top kb-theme-content-width\">\n<style>.kadence-column_4360bc-9e > .kt-inside-inner-col,.kadence-column_4360bc-9e > .kt-inside-inner-col:before{border-top-left-radius:0px;border-top-right-radius:0px;border-bottom-right-radius:0px;border-bottom-left-radius:0px;}.kadence-column_4360bc-9e > .kt-inside-inner-col{column-gap:var(--global-kb-gap-sm, 1rem);}.kadence-column_4360bc-9e > .kt-inside-inner-col{flex-direction:column;}.kadence-column_4360bc-9e > .kt-inside-inner-col > .aligncenter{width:100%;}.kadence-column_4360bc-9e > .kt-inside-inner-col:before{opacity:0.3;}.kadence-column_4360bc-9e{position:relative;}@media all and (max-width: 1024px){.kadence-column_4360bc-9e > .kt-inside-inner-col{flex-direction:column;justify-content:center;}}@media all and (max-width: 767px){.kadence-column_4360bc-9e > .kt-inside-inner-col{flex-direction:column;justify-content:center;}}<\/style>\n<div class=\"wp-block-kadence-column kadence-column_4360bc-9e inner-column-1\"><div class=\"kt-inside-inner-col\"><style>.wp-block-kadence-advancedheading.kt-adv-heading_0a9431-30, .wp-block-kadence-advancedheading.kt-adv-heading_0a9431-30[data-kb-block=\"kb-adv-heading_0a9431-30\"]{font-size:65px;font-weight:200;font-style:normal;font-family:-apple-system,BlinkMacSystemFont,u0022Segoe UIu0022,Roboto,Oxygen-Sans,Ubuntu,Cantarell,u0022Helvetica Neueu0022,sans-serif, u0022Apple Color Emojiu0022, u0022Segoe UI Emojiu0022, u0022Segoe UI Symbolu0022;text-shadow:2px 2px 1px #000000;}.wp-block-kadence-advancedheading.kt-adv-heading_0a9431-30 mark.kt-highlight, .wp-block-kadence-advancedheading.kt-adv-heading_0a9431-30[data-kb-block=\"kb-adv-heading_0a9431-30\"] mark.kt-highlight{font-style:normal;color:#f76a0c;-webkit-box-decoration-break:clone;box-decoration-break:clone;padding-top:0px;padding-right:0px;padding-bottom:0px;padding-left:0px;}.wp-block-kadence-advancedheading.kt-adv-heading_0a9431-30 img.kb-inline-image, .wp-block-kadence-advancedheading.kt-adv-heading_0a9431-30[data-kb-block=\"kb-adv-heading_0a9431-30\"] img.kb-inline-image{width:150px;vertical-align:baseline;}@media all and (max-width: 1024px){.wp-block-kadence-advancedheading.kt-adv-heading_0a9431-30, .wp-block-kadence-advancedheading.kt-adv-heading_0a9431-30[data-kb-block=\"kb-adv-heading_0a9431-30\"]{text-shadow:2px 2px 1px #000000;font-size:45px;}}@media all and (max-width: 767px){.wp-block-kadence-advancedheading.kt-adv-heading_0a9431-30, .wp-block-kadence-advancedheading.kt-adv-heading_0a9431-30[data-kb-block=\"kb-adv-heading_0a9431-30\"]{text-shadow:2px 2px 1px #000000;font-size:35px;}}<\/style>\n<h1 class=\"kt-adv-heading_0a9431-30 wp-block-kadence-advancedheading has-theme-palette-9-color has-text-color\" data-kb-block=\"kb-adv-heading_0a9431-30\">Plagioc\u00e9phalie, quelles cons\u00e9quences ?<\/h1>\n<\/div><\/div>\n\n<\/div><\/div>\n\n<style>.kb-row-layout-wrap.wp-block-kadence-rowlayout.kb-row-layout-id_be05b7-59{margin-top:0px;margin-bottom:30px;}.kb-row-layout-id_be05b7-59 > .kt-row-column-wrap{align-content:center;}:where(.kb-row-layout-id_be05b7-59 > .kt-row-column-wrap) > .wp-block-kadence-column{justify-content:center;}.kb-row-layout-id_be05b7-59 > .kt-row-column-wrap{column-gap:20px;row-gap:var(--global-kb-gap-none, 0rem );max-width:var( --global-content-width, 1290px );padding-left:var(--global-content-edge-padding);padding-right:var(--global-content-edge-padding);padding-top:118px;padding-right:0px;padding-bottom:84px;padding-left:0px;grid-template-columns:minmax(0, 1fr);}.kb-row-layout-id_be05b7-59{background-color:#ffffff;}.kb-row-layout-id_be05b7-59 > .kt-row-layout-overlay{opacity:0.30;}@media all and (max-width: 1024px){.kb-row-layout-id_be05b7-59 > .kt-row-column-wrap{padding-top:30px;padding-right:100px;padding-bottom:30px;padding-left:100px;grid-template-columns:minmax(0, 1fr);}}@media all and (max-width: 767px){.kb-row-layout-wrap.wp-block-kadence-rowlayout.kb-row-layout-id_be05b7-59{margin-top:0px;margin-bottom:0px;}.kb-row-layout-id_be05b7-59 > .kt-row-column-wrap{padding-top:60px;padding-right:40px;padding-bottom:30px;padding-left:40px;grid-template-columns:minmax(0, 1fr);}}<\/style><div class=\"kb-row-layout-wrap kb-row-layout-id_be05b7-59 alignnone kt-row-has-bg wp-block-kadence-rowlayout\"><div class=\"kt-row-column-wrap kt-has-1-columns kt-row-layout-equal kt-tab-layout-inherit kt-mobile-layout-row kt-row-valign-middle kb-theme-content-width\">\n<style>.kadence-column_88bc85-b5 > .kt-inside-inner-col{padding-top:20px;padding-right:50px;padding-bottom:20px;padding-left:20px;}.kadence-column_88bc85-b5 > .kt-inside-inner-col{min-height:714px;box-shadow:0px 0px 14px 0px rgba(0, 0, 0, 0.2);}.kadence-column_88bc85-b5 > .kt-inside-inner-col,.kadence-column_88bc85-b5 > .kt-inside-inner-col:before{border-top-left-radius:0px;border-top-right-radius:0px;border-bottom-right-radius:0px;border-bottom-left-radius:0px;}.kadence-column_88bc85-b5 > .kt-inside-inner-col{column-gap:var(--global-kb-gap-sm, 1rem);}.kadence-column_88bc85-b5 > .kt-inside-inner-col{flex-direction:column;}.kadence-column_88bc85-b5 > .kt-inside-inner-col > .aligncenter{width:100%;}.kadence-column_88bc85-b5 > .kt-inside-inner-col:before{opacity:0.3;}.kadence-column_88bc85-b5, .kadence-column_88bc85-b5 h1, .kadence-column_88bc85-b5 h2, .kadence-column_88bc85-b5 h3, .kadence-column_88bc85-b5 h4, .kadence-column_88bc85-b5 h5, .kadence-column_88bc85-b5 h6{color:#553e91;}.kadence-column_88bc85-b5 a{color:#3a75b5;}.kadence-column_88bc85-b5 a:hover{color:var(--global-palette1, #3182CE);}.kadence-column_88bc85-b5{position:relative;}@media all and (max-width: 1024px){.kadence-column_88bc85-b5 > .kt-inside-inner-col{flex-direction:column;justify-content:center;}}@media all and (max-width: 767px){.kadence-column_88bc85-b5 > .kt-inside-inner-col{padding-top:0px;padding-right:0px;padding-bottom:0px;padding-left:0px;flex-direction:column;justify-content:center;}}<\/style>\n<div class=\"wp-block-kadence-column kadence-column_88bc85-b5 inner-column-1\"><div class=\"kt-inside-inner-col\">\n<h3 class=\"has-text-align-center has-text-color wp-block-heading\" style=\"color:#553e91\"><strong>Quelles cons\u00e9quences pour une plagioc\u00e9phalie non corrig\u00e9e ?<\/strong><\/h3>\n\n\n\n<p><\/p>\n\n\n\n<p>Pour obtenir une correction optimale des d\u00e9formations positionnelles, il est essentiel de diagnostiquer la pathologie le plus t\u00f4t possible et d&rsquo;utiliser un traitement ad\u00e9quat. Plus le nourrisson est jeune, plus le traitement donnera de bons r\u00e9sultats. Il faut noter que ces d\u00e9formations sont diff\u00e9rentes des craniosynostoses qui peuvent avoir des cons\u00e9quences neurologiques graves et doivent donc \u00eatre trait\u00e9es par chirurgie d\u00e8s que possible. En ce qui concerne les d\u00e9formations positionnelles, les cons\u00e9quences peuvent \u00eatre plus ou moins graves selon la s\u00e9v\u00e9rit\u00e9 de la d\u00e9formation.<\/p>\n<\/div><\/div>\n\n<\/div><\/div>\n\n<style>.wp-block-kadence-advancedbtn.kb-btns_373266-22{gap:var(--global-kb-gap-xs, 0.5rem );justify-content:center;align-items:center;}.kt-btns_373266-22 .kt-button{font-weight:normal;font-style:normal;}<\/style>\n<div class=\"wp-block-kadence-advancedbtn kb-buttons-wrap kb-btns_373266-22\"><style>ul.menu .wp-block-kadence-advancedbtn .kb-btn_c30ba9-58.kb-button{width:initial;}.wp-block-kadence-advancedbtn .kb-btn_c30ba9-58.kb-button{box-shadow:2px 2px 2px 0px var(--global-palette6, #718096);}<\/style><a class=\"kb-button kt-button button kb-btn_c30ba9-58 kt-btn-size-standard kt-btn-width-type-auto kb-btn-global-inherit  kt-btn-has-text-true kt-btn-has-svg-false  wp-block-button__link wp-block-kadence-singlebtn\" href=\"https:\/\/okam-ortho.fr\/index.php\/la-plagiocephalie\/\"><span class=\"kt-btn-inner-text\">RETOUR A LA PAGE PLAGIOC\u00c9PHALIE<\/span><\/a><\/div>\n\n\n<style>.wp-block-kadence-spacer.kt-block-spacer-_d2535b-a6 .kt-block-spacer{height:60px;}.wp-block-kadence-spacer.kt-block-spacer-_d2535b-a6 .kt-divider{border-top-width:1px;height:1px;border-top-color:#eee;width:80%;border-top-style:solid;}<\/style>\n<div class=\"wp-block-kadence-spacer aligncenter kt-block-spacer-_d2535b-a6\"><div class=\"kt-block-spacer kt-block-spacer-halign-center\"><\/div><\/div>\n","protected":false},"excerpt":{"rendered":"<p>Plagioc\u00e9phalie, quelles cons\u00e9quences ? Quelles cons\u00e9quences pour une plagioc\u00e9phalie non corrig\u00e9e ? Pour obtenir une correction optimale des d\u00e9formations positionnelles, il est essentiel de diagnostiquer la pathologie le plus t\u00f4t possible et d&rsquo;utiliser un traitement ad\u00e9quat. Plus le nourrisson est jeune, plus le traitement donnera de bons r\u00e9sultats. Il faut noter que ces d\u00e9formations sont&#8230;<\/p>\n","protected":false},"author":1,"featured_media":0,"parent":0,"menu_order":0,"comment_status":"closed","ping_status":"closed","template":"","meta":{"_kadence_starter_templates_imported_post":true,"_kad_post_transparent":"enable","_kad_post_title":"hide","_kad_post_layout":"fullwidth","_kad_post_sidebar_id":"","_kad_post_content_style":"unboxed","_kad_post_vertical_padding":"hide","_kad_post_feature":"","_kad_post_feature_position":"","_kad_post_header":false,"_kad_post_footer":false,"_kad_post_classname":"","footnotes":""},"class_list":["post-1736","page","type-page","status-publish","hentry"],"_links":{"self":[{"href":"https:\/\/www.okam-ortho.fr\/index.php\/wp-json\/wp\/v2\/pages\/1736","targetHints":{"allow":["GET"]}}],"collection":[{"href":"https:\/\/www.okam-ortho.fr\/index.php\/wp-json\/wp\/v2\/pages"}],"about":[{"href":"https:\/\/www.okam-ortho.fr\/index.php\/wp-json\/wp\/v2\/types\/page"}],"author":[{"embeddable":true,"href":"https:\/\/www.okam-ortho.fr\/index.php\/wp-json\/wp\/v2\/users\/1"}],"replies":[{"embeddable":true,"href":"https:\/\/www.okam-ortho.fr\/index.php\/wp-json\/wp\/v2\/comments?post=1736"}],"version-history":[{"count":15,"href":"https:\/\/www.okam-ortho.fr\/index.php\/wp-json\/wp\/v2\/pages\/1736\/revisions"}],"predecessor-version":[{"id":2834,"href":"https:\/\/www.okam-ortho.fr\/index.php\/wp-json\/wp\/v2\/pages\/1736\/revisions\/2834"}],"wp:attachment":[{"href":"https:\/\/www.okam-ortho.fr\/index.php\/wp-json\/wp\/v2\/media?parent=1736"}],"curies":[{"name":"wp","href":"https:\/\/api.w.org\/{rel}","templated":true}]}}