{"id":1742,"date":"2023-01-16T19:45:15","date_gmt":"2023-01-16T18:45:15","guid":{"rendered":"https:\/\/okam-ortho.fr\/?page_id=1742"},"modified":"2023-03-12T21:48:12","modified_gmt":"2023-03-12T20:48:12","slug":"plagiocephalie-quand-consulter","status":"publish","type":"page","link":"https:\/\/www.okam-ortho.fr\/index.php\/plagiocephalie-quand-consulter\/","title":{"rendered":"Plagioc\u00e9phalie, quand consulter ?"},"content":{"rendered":"<style>.kb-row-layout-id_9b8a13-66 > .kt-row-column-wrap{align-content:start;}:where(.kb-row-layout-id_9b8a13-66 > .kt-row-column-wrap) > .wp-block-kadence-column{justify-content:start;}.kb-row-layout-id_9b8a13-66 > .kt-row-column-wrap{column-gap:var(--global-kb-gap-md, 2rem);row-gap:var(--global-kb-gap-md, 2rem);max-width:var( --global-content-width, 1290px );padding-left:var(--global-content-edge-padding);padding-right:var(--global-content-edge-padding);padding-top:225px;padding-bottom:25px;grid-template-columns:minmax(0, 1fr);}.kb-row-layout-id_9b8a13-66{background-image:url('https:\/\/www.okam-ortho.fr\/wp-content\/uploads\/2023\/03\/baby-5-1920x1280-1.jpg');background-size:cover;background-position:center center;background-attachment:scroll;background-repeat:no-repeat;}.kb-row-layout-id_9b8a13-66 > .kt-row-layout-overlay{opacity:0.35;background-color:#242d2d;}@media all and (max-width: 1024px){.kb-row-layout-id_9b8a13-66 > .kt-row-column-wrap{grid-template-columns:minmax(0, 1fr);}}@media all and (max-width: 767px){.kb-row-layout-id_9b8a13-66 > .kt-row-column-wrap{grid-template-columns:minmax(0, 1fr);}}<\/style><div class=\"kb-row-layout-wrap kb-row-layout-id_9b8a13-66 alignnone kt-row-has-bg wp-block-kadence-rowlayout\"><div class=\"kt-row-layout-overlay kt-row-overlay-normal\"><\/div><div class=\"kt-row-column-wrap kt-has-1-columns kt-row-layout-equal kt-tab-layout-inherit kt-mobile-layout-row kt-row-valign-top kb-theme-content-width\">\n<style>.kadence-column_964a65-46 > .kt-inside-inner-col,.kadence-column_964a65-46 > .kt-inside-inner-col:before{border-top-left-radius:0px;border-top-right-radius:0px;border-bottom-right-radius:0px;border-bottom-left-radius:0px;}.kadence-column_964a65-46 > .kt-inside-inner-col{column-gap:var(--global-kb-gap-sm, 1rem);}.kadence-column_964a65-46 > .kt-inside-inner-col{flex-direction:column;}.kadence-column_964a65-46 > .kt-inside-inner-col > .aligncenter{width:100%;}.kadence-column_964a65-46 > .kt-inside-inner-col:before{opacity:0.3;}.kadence-column_964a65-46{position:relative;}@media all and (max-width: 1024px){.kadence-column_964a65-46 > .kt-inside-inner-col{flex-direction:column;justify-content:center;}}@media all and (max-width: 767px){.kadence-column_964a65-46 > .kt-inside-inner-col{flex-direction:column;justify-content:center;}}<\/style>\n<div class=\"wp-block-kadence-column kadence-column_964a65-46 inner-column-1\"><div class=\"kt-inside-inner-col\"><style>.wp-block-kadence-advancedheading.kt-adv-heading_0a9431-30, .wp-block-kadence-advancedheading.kt-adv-heading_0a9431-30[data-kb-block=\"kb-adv-heading_0a9431-30\"]{font-size:65px;font-weight:200;font-style:normal;font-family:-apple-system,BlinkMacSystemFont,u0022Segoe UIu0022,Roboto,Oxygen-Sans,Ubuntu,Cantarell,u0022Helvetica Neueu0022,sans-serif, u0022Apple Color Emojiu0022, u0022Segoe UI Emojiu0022, u0022Segoe UI Symbolu0022;text-shadow:2px 2px 1px #000000;}.wp-block-kadence-advancedheading.kt-adv-heading_0a9431-30 mark.kt-highlight, .wp-block-kadence-advancedheading.kt-adv-heading_0a9431-30[data-kb-block=\"kb-adv-heading_0a9431-30\"] mark.kt-highlight{font-style:normal;color:#f76a0c;-webkit-box-decoration-break:clone;box-decoration-break:clone;padding-top:0px;padding-right:0px;padding-bottom:0px;padding-left:0px;}.wp-block-kadence-advancedheading.kt-adv-heading_0a9431-30 img.kb-inline-image, .wp-block-kadence-advancedheading.kt-adv-heading_0a9431-30[data-kb-block=\"kb-adv-heading_0a9431-30\"] img.kb-inline-image{width:150px;vertical-align:baseline;}@media all and (max-width: 1024px){.wp-block-kadence-advancedheading.kt-adv-heading_0a9431-30, .wp-block-kadence-advancedheading.kt-adv-heading_0a9431-30[data-kb-block=\"kb-adv-heading_0a9431-30\"]{text-shadow:2px 2px 1px #000000;font-size:45px;}}@media all and (max-width: 767px){.wp-block-kadence-advancedheading.kt-adv-heading_0a9431-30, .wp-block-kadence-advancedheading.kt-adv-heading_0a9431-30[data-kb-block=\"kb-adv-heading_0a9431-30\"]{text-shadow:2px 2px 1px #000000;font-size:35px;}}<\/style>\n<h1 class=\"kt-adv-heading_0a9431-30 wp-block-kadence-advancedheading has-theme-palette-9-color has-text-color\" data-kb-block=\"kb-adv-heading_0a9431-30\">La Plagioc\u00e9phalie, quand consulter ?<\/h1>\n<\/div><\/div>\n\n<\/div><\/div>\n\n<style>.kb-row-layout-wrap.wp-block-kadence-rowlayout.kb-row-layout-id_be05b7-59{margin-top:0px;margin-bottom:30px;}.kb-row-layout-id_be05b7-59 > .kt-row-column-wrap{align-content:center;}:where(.kb-row-layout-id_be05b7-59 > .kt-row-column-wrap) > .wp-block-kadence-column{justify-content:center;}.kb-row-layout-id_be05b7-59 > .kt-row-column-wrap{column-gap:20px;row-gap:var(--global-kb-gap-none, 0rem );max-width:var( --global-content-width, 1290px );padding-left:var(--global-content-edge-padding);padding-right:var(--global-content-edge-padding);padding-top:90px;padding-right:0px;padding-bottom:90px;padding-left:0px;grid-template-columns:repeat(2, minmax(0, 1fr));}.kb-row-layout-id_be05b7-59{background-color:#ffffff;}.kb-row-layout-id_be05b7-59 > .kt-row-layout-overlay{opacity:0.30;}@media all and (max-width: 1024px){.kb-row-layout-id_be05b7-59 > .kt-row-column-wrap{padding-top:30px;padding-right:100px;padding-bottom:30px;padding-left:100px;grid-template-columns:repeat(2, minmax(0, 1fr));}}@media all and (max-width: 767px){.kb-row-layout-wrap.wp-block-kadence-rowlayout.kb-row-layout-id_be05b7-59{margin-top:0px;margin-bottom:0px;}.kb-row-layout-id_be05b7-59 > .kt-row-column-wrap{padding-top:60px;padding-right:40px;padding-bottom:30px;padding-left:40px;grid-template-columns:minmax(0, 1fr);}}<\/style><div class=\"kb-row-layout-wrap kb-row-layout-id_be05b7-59 alignnone kt-row-has-bg wp-block-kadence-rowlayout\"><div class=\"kt-row-column-wrap kt-has-2-columns kt-row-layout-equal kt-tab-layout-inherit kt-mobile-layout-row kt-row-valign-middle kb-theme-content-width\">\n<style>.kadence-column_88bc85-b5 > .kt-inside-inner-col{padding-top:20px;padding-right:50px;padding-bottom:20px;padding-left:20px;}.kadence-column_88bc85-b5 > .kt-inside-inner-col{min-height:0px;box-shadow:0px 0px 14px 0px rgba(0, 0, 0, 0.2);}.kadence-column_88bc85-b5 > .kt-inside-inner-col,.kadence-column_88bc85-b5 > .kt-inside-inner-col:before{border-top-left-radius:0px;border-top-right-radius:0px;border-bottom-right-radius:0px;border-bottom-left-radius:0px;}.kadence-column_88bc85-b5 > .kt-inside-inner-col{column-gap:var(--global-kb-gap-sm, 1rem);}.kadence-column_88bc85-b5 > .kt-inside-inner-col{flex-direction:column;}.kadence-column_88bc85-b5 > .kt-inside-inner-col > .aligncenter{width:100%;}.kadence-column_88bc85-b5 > .kt-inside-inner-col:before{opacity:0.3;}.kadence-column_88bc85-b5, .kadence-column_88bc85-b5 h1, .kadence-column_88bc85-b5 h2, .kadence-column_88bc85-b5 h3, .kadence-column_88bc85-b5 h4, .kadence-column_88bc85-b5 h5, .kadence-column_88bc85-b5 h6{color:#553e91;}.kadence-column_88bc85-b5 a{color:#3a75b5;}.kadence-column_88bc85-b5 a:hover{color:var(--global-palette1, #3182CE);}.kadence-column_88bc85-b5{position:relative;}@media all and (max-width: 1024px){.kadence-column_88bc85-b5 > .kt-inside-inner-col{flex-direction:column;justify-content:center;}}@media all and (max-width: 767px){.kadence-column_88bc85-b5 > .kt-inside-inner-col{padding-top:0px;padding-right:0px;padding-bottom:0px;padding-left:0px;flex-direction:column;justify-content:center;}}<\/style>\n<div class=\"wp-block-kadence-column kadence-column_88bc85-b5 inner-column-1\"><div class=\"kt-inside-inner-col\">\n<h3 class=\"has-text-color has-large-font-size wp-block-heading\" style=\"color:#553e91\"><strong>Plagioc\u00e9phalie, quand consulter ?<\/strong><\/h3>\n\n\n\n<p>\u00c0 partir de 4 \u00e0 8 semaines de vie, des d\u00e9formations peuvent \u00eatre rep\u00e9r\u00e9es \u00e0 l&rsquo;\u0153il nu. Si vous doutez de leur pr\u00e9sence, il est recommand\u00e9 de consulter un professionnel de sant\u00e9 (m\u00e9decin g\u00e9n\u00e9raliste, p\u00e9diatre, kin\u00e9sith\u00e9rapeute ou ost\u00e9opathe). Id\u00e9alement, choisissez un sp\u00e9cialiste qui conna\u00eet bien le sujet ou demandez plusieurs avis.<\/p>\n\n\n\n<p>Une fois le diagnostic \u00e9tabli, un traitement en kin\u00e9sith\u00e9rapie ou ost\u00e9opathie est prescrit. Si les r\u00e9sultats ne sont pas satisfaisants, les parents peuvent se tourner vers un p\u00e9diatre pour envisager un autre traitement, comme le port d&rsquo;un casque, r\u00e9alis\u00e9 par un orthoproth\u00e9siste.<\/p>\n<\/div><\/div>\n\n\n<style>.kadence-column_b487be-41 > .kt-inside-inner-col{padding-top:20px;padding-right:20px;padding-bottom:20px;padding-left:20px;}.kadence-column_b487be-41 > .kt-inside-inner-col{min-height:471px;box-shadow:0px 0px 14px 0px rgba(0, 0, 0, 0.2);}.kadence-column_b487be-41 > .kt-inside-inner-col,.kadence-column_b487be-41 > .kt-inside-inner-col:before{border-top-left-radius:0px;border-top-right-radius:0px;border-bottom-right-radius:0px;border-bottom-left-radius:0px;}.kadence-column_b487be-41 > .kt-inside-inner-col{column-gap:var(--global-kb-gap-sm, 1rem);}.kadence-column_b487be-41 > .kt-inside-inner-col{flex-direction:column;}.kadence-column_b487be-41 > .kt-inside-inner-col > .aligncenter{width:100%;}.kadence-column_b487be-41 > .kt-inside-inner-col:before{opacity:0.3;}.kadence-column_b487be-41, .kadence-column_b487be-41 h1, .kadence-column_b487be-41 h2, .kadence-column_b487be-41 h3, .kadence-column_b487be-41 h4, .kadence-column_b487be-41 h5, .kadence-column_b487be-41 h6{color:#553e91;}.kadence-column_b487be-41{position:relative;}@media all and (max-width: 1024px){.kadence-column_b487be-41 > .kt-inside-inner-col{flex-direction:column;justify-content:center;}}@media all and (max-width: 767px){.kadence-column_b487be-41 > .kt-inside-inner-col{padding-right:0px;padding-left:0px;flex-direction:column;justify-content:center;}}<\/style>\n<div class=\"wp-block-kadence-column kadence-column_b487be-41 inner-column-2\"><div class=\"kt-inside-inner-col\">\n<h3 class=\"has-text-color wp-block-heading\" style=\"color:#553e91;font-size:30px\"><strong>Plagioc\u00e9phalie, quand mettre un casque ?<\/strong><\/h3>\n\n\n\n<p>Il est important de noter que le port d&rsquo;un casque n&rsquo;est pas la premi\u00e8re option de traitement. Cependant, il peut \u00eatre plus efficace si un traitement en kin\u00e9sith\u00e9rapie ou en ost\u00e9opathie a \u00e9t\u00e9 entrepris sans succ\u00e8s ou trop tardivement (apr\u00e8s 3-4 mois). Plus t\u00f4t le casque est port\u00e9, plus les r\u00e9sultats sur la forme du cr\u00e2ne sont bons.<\/p>\n<\/div><\/div>\n\n<\/div><\/div>\n\n<style>.wp-block-kadence-advancedbtn.kb-btns_373266-22{gap:var(--global-kb-gap-xs, 0.5rem );justify-content:center;align-items:center;}.kt-btns_373266-22 .kt-button{font-weight:normal;font-style:normal;}<\/style>\n<div class=\"wp-block-kadence-advancedbtn kb-buttons-wrap kb-btns_373266-22\"><style>ul.menu .wp-block-kadence-advancedbtn .kb-btn_66307d-8c.kb-button{width:initial;}.wp-block-kadence-advancedbtn .kb-btn_66307d-8c.kb-button{box-shadow:2px 2px 2px 0px var(--global-palette6, #718096);}<\/style><a class=\"kb-button kt-button button kb-btn_66307d-8c kt-btn-size-standard kt-btn-width-type-auto kb-btn-global-inherit  kt-btn-has-text-true kt-btn-has-svg-false  wp-block-button__link wp-block-kadence-singlebtn\" href=\"https:\/\/okam-ortho.fr\/index.php\/la-plagiocephalie\/\"><span class=\"kt-btn-inner-text\">RETOUR A LA PAGE PLAGIOC\u00c9PHALIE<\/span><\/a><\/div>\n\n\n<style>.wp-block-kadence-spacer.kt-block-spacer-_d2535b-a6 .kt-block-spacer{height:60px;}.wp-block-kadence-spacer.kt-block-spacer-_d2535b-a6 .kt-divider{border-top-width:1px;height:1px;border-top-color:#eee;width:80%;border-top-style:solid;}<\/style>\n<div class=\"wp-block-kadence-spacer aligncenter kt-block-spacer-_d2535b-a6\"><div class=\"kt-block-spacer kt-block-spacer-halign-center\"><\/div><\/div>\n","protected":false},"excerpt":{"rendered":"<p>La Plagioc\u00e9phalie, quand consulter ? Plagioc\u00e9phalie, quand consulter ? \u00c0 partir de 4 \u00e0 8 semaines de vie, des d\u00e9formations peuvent \u00eatre rep\u00e9r\u00e9es \u00e0 l&rsquo;\u0153il nu. Si vous doutez de leur pr\u00e9sence, il est recommand\u00e9 de consulter un professionnel de sant\u00e9 (m\u00e9decin g\u00e9n\u00e9raliste, p\u00e9diatre, kin\u00e9sith\u00e9rapeute ou ost\u00e9opathe). Id\u00e9alement, choisissez un sp\u00e9cialiste qui conna\u00eet bien le&#8230;<\/p>\n","protected":false},"author":1,"featured_media":0,"parent":0,"menu_order":0,"comment_status":"closed","ping_status":"closed","template":"","meta":{"_kadence_starter_templates_imported_post":true,"_kad_post_transparent":"enable","_kad_post_title":"hide","_kad_post_layout":"fullwidth","_kad_post_sidebar_id":"","_kad_post_content_style":"unboxed","_kad_post_vertical_padding":"hide","_kad_post_feature":"","_kad_post_feature_position":"","_kad_post_header":false,"_kad_post_footer":false,"_kad_post_classname":"","footnotes":""},"class_list":["post-1742","page","type-page","status-publish","hentry"],"_links":{"self":[{"href":"https:\/\/www.okam-ortho.fr\/index.php\/wp-json\/wp\/v2\/pages\/1742","targetHints":{"allow":["GET"]}}],"collection":[{"href":"https:\/\/www.okam-ortho.fr\/index.php\/wp-json\/wp\/v2\/pages"}],"about":[{"href":"https:\/\/www.okam-ortho.fr\/index.php\/wp-json\/wp\/v2\/types\/page"}],"author":[{"embeddable":true,"href":"https:\/\/www.okam-ortho.fr\/index.php\/wp-json\/wp\/v2\/users\/1"}],"replies":[{"embeddable":true,"href":"https:\/\/www.okam-ortho.fr\/index.php\/wp-json\/wp\/v2\/comments?post=1742"}],"version-history":[{"count":14,"href":"https:\/\/www.okam-ortho.fr\/index.php\/wp-json\/wp\/v2\/pages\/1742\/revisions"}],"predecessor-version":[{"id":2800,"href":"https:\/\/www.okam-ortho.fr\/index.php\/wp-json\/wp\/v2\/pages\/1742\/revisions\/2800"}],"wp:attachment":[{"href":"https:\/\/www.okam-ortho.fr\/index.php\/wp-json\/wp\/v2\/media?parent=1742"}],"curies":[{"name":"wp","href":"https:\/\/api.w.org\/{rel}","templated":true}]}}