{"id":1851,"date":"2023-01-17T10:23:58","date_gmt":"2023-01-17T09:23:58","guid":{"rendered":"http:\/\/okam-ortho.fr\/?page_id=1851"},"modified":"2023-04-24T11:44:12","modified_gmt":"2023-04-24T09:44:12","slug":"politique-de-confidentialite-2","status":"publish","type":"page","link":"https:\/\/www.okam-ortho.fr\/index.php\/politique-de-confidentialite-2\/","title":{"rendered":"Politique de confidentialit\u00e9"},"content":{"rendered":"<style>.kb-row-layout-id_364787-2e > .kt-row-column-wrap{align-content:start;}:where(.kb-row-layout-id_364787-2e > .kt-row-column-wrap) > .wp-block-kadence-column{justify-content:start;}.kb-row-layout-id_364787-2e > .kt-row-column-wrap{column-gap:var(--global-kb-gap-md, 2rem);row-gap:var(--global-kb-gap-md, 2rem);max-width:var( --global-content-width, 1290px );padding-left:var(--global-content-edge-padding);padding-right:var(--global-content-edge-padding);padding-top:225px;padding-bottom:25px;grid-template-columns:minmax(0, 1fr);}.kb-row-layout-id_364787-2e{background-image:url('https:\/\/www.okam-ortho.fr\/wp-content\/uploads\/2023\/01\/bandeau-gris.jpg');background-size:cover;background-position:center center;background-attachment:scroll;background-repeat:no-repeat;}.kb-row-layout-id_364787-2e > .kt-row-layout-overlay{opacity:0.35;background-color:var(--global-palette9, #ffffff);}@media all and (max-width: 1024px){.kb-row-layout-id_364787-2e > .kt-row-column-wrap{grid-template-columns:minmax(0, 1fr);}}@media all and (max-width: 767px){.kb-row-layout-id_364787-2e > .kt-row-column-wrap{grid-template-columns:minmax(0, 1fr);}}<\/style><div class=\"kb-row-layout-wrap kb-row-layout-id_364787-2e alignnone kt-row-has-bg wp-block-kadence-rowlayout\"><div class=\"kt-row-layout-overlay kt-row-overlay-normal\"><\/div><div class=\"kt-row-column-wrap kt-has-1-columns kt-row-layout-equal kt-tab-layout-inherit kt-mobile-layout-row kt-row-valign-top kb-theme-content-width\">\n<style>.kadence-column_ddcf9a-07 > .kt-inside-inner-col,.kadence-column_ddcf9a-07 > .kt-inside-inner-col:before{border-top-left-radius:0px;border-top-right-radius:0px;border-bottom-right-radius:0px;border-bottom-left-radius:0px;}.kadence-column_ddcf9a-07 > .kt-inside-inner-col{column-gap:var(--global-kb-gap-sm, 1rem);}.kadence-column_ddcf9a-07 > .kt-inside-inner-col{flex-direction:column;}.kadence-column_ddcf9a-07 > .kt-inside-inner-col > .aligncenter{width:100%;}.kadence-column_ddcf9a-07 > .kt-inside-inner-col:before{opacity:0.3;}.kadence-column_ddcf9a-07{position:relative;}@media all and (max-width: 1024px){.kadence-column_ddcf9a-07 > .kt-inside-inner-col{flex-direction:column;justify-content:center;}}@media all and (max-width: 767px){.kadence-column_ddcf9a-07 > .kt-inside-inner-col{flex-direction:column;justify-content:center;}}<\/style>\n<div class=\"wp-block-kadence-column kadence-column_ddcf9a-07 inner-column-1\"><div class=\"kt-inside-inner-col\"><\/div><\/div>\n\n<\/div><\/div>\n\n<style>.wp-block-kadence-spacer.kt-block-spacer-_1d81b0-f3 .kt-block-spacer{height:60px;}.wp-block-kadence-spacer.kt-block-spacer-_1d81b0-f3 .kt-divider{border-top-width:1px;height:1px;border-top-color:#eee;width:80%;border-top-style:solid;}<\/style>\n<div class=\"wp-block-kadence-spacer aligncenter kt-block-spacer-_1d81b0-f3\"><div class=\"kt-block-spacer kt-block-spacer-halign-center\"><\/div><\/div>\n\n\n<style>.kadence-column_88bc85-b5{max-width:1000px;margin-left:auto;margin-right:auto;}.wp-block-kadence-column.kb-section-dir-horizontal:not(.kb-section-md-dir-vertical)>.kt-inside-inner-col>.kadence-column_88bc85-b5{-webkit-flex:0 1 1000px;flex:0 1 1000px;max-width:unset;margin-left:unset;margin-right:unset;}.kadence-column_88bc85-b5 > .kt-inside-inner-col{padding-top:20px;padding-right:50px;padding-bottom:20px;padding-left:20px;}.kadence-column_88bc85-b5 > .kt-inside-inner-col{box-shadow:0px 0px 14px 0px rgba(0, 0, 0, 0.2);}.kadence-column_88bc85-b5 > .kt-inside-inner-col,.kadence-column_88bc85-b5 > .kt-inside-inner-col:before{border-top-left-radius:0px;border-top-right-radius:0px;border-bottom-right-radius:0px;border-bottom-left-radius:0px;}.kadence-column_88bc85-b5 > .kt-inside-inner-col{column-gap:var(--global-kb-gap-sm, 1rem);}.kadence-column_88bc85-b5 > .kt-inside-inner-col{flex-direction:column;}.kadence-column_88bc85-b5 > .kt-inside-inner-col > .aligncenter{width:100%;}.kadence-column_88bc85-b5 > .kt-inside-inner-col:before{opacity:0.3;}.kadence-column_88bc85-b5, .kadence-column_88bc85-b5 h1, .kadence-column_88bc85-b5 h2, .kadence-column_88bc85-b5 h3, .kadence-column_88bc85-b5 h4, .kadence-column_88bc85-b5 h5, .kadence-column_88bc85-b5 h6{color:#553e91;}.kadence-column_88bc85-b5 a{color:#3a75b5;}.kadence-column_88bc85-b5 a:hover{color:var(--global-palette1, #3182CE);}.kadence-column_88bc85-b5{position:relative;}@media all and (min-width: 1025px){.wp-block-kadence-column.kb-section-dir-horizontal>.kt-inside-inner-col>.kadence-column_88bc85-b5{-webkit-flex:0 1 1000px;flex:0 1 1000px;max-width:unset;margin-left:unset;margin-right:unset;}}@media all and (max-width: 1024px){.kadence-column_88bc85-b5 > .kt-inside-inner-col{flex-direction:column;justify-content:center;}}@media all and (max-width: 767px){.kadence-column_88bc85-b5 > .kt-inside-inner-col{padding-top:0px;padding-right:0px;padding-bottom:0px;padding-left:0px;flex-direction:column;justify-content:center;}.wp-block-kadence-column.kb-section-sm-dir-vertical:not(.kb-section-sm-dir-horizontal):not(.kb-section-sm-dir-specificity)>.kt-inside-inner-col>.kadence-column_88bc85-b5{max-width:1000px;-webkit-flex:1;flex:1;margin-left:auto;margin-right:auto;}}<\/style>\n<div class=\"wp-block-kadence-column kadence-column_88bc85-b5 inner-column-1\"><div class=\"kt-inside-inner-col\">\n<h2 class=\"wp-block-heading has-text-align-center\">Politique de confidentialit\u00e9 du site https:\/\/okam-ortho.fr<\/h2>\n\n\n\n<p class=\"has-large-font-size\"><strong><u>I  L\u2019objectif de la politique de confidentialit\u00e9<\/u><\/strong><\/p>\n\n\n\n<p>Cette politique de confidentialit\u00e9 est \u00e9tablie dans le but d\u2019informer les utilisateurs du site <strong>https:\/\/okam-ortho.fr<\/strong>, poss\u00e9d\u00e9 et g\u00e9r\u00e9 par <strong>OKAM ORTHOPEDIE<\/strong>, des modalit\u00e9s suivantes :<\/p>\n\n\n\n<ul class=\"wp-block-list\">\n<li>Les donn\u00e9es personnelles recueillies par le site internet<\/li>\n\n\n\n<li>L\u2019utilisation faite de ces donn\u00e9es<\/li>\n\n\n\n<li>L\u2019acc\u00e8s \u00e0 ces donn\u00e9es<\/li>\n\n\n\n<li>Les droits que poss\u00e8dent les utilisateurs du site<\/li>\n\n\n\n<li>La politique li\u00e9e \u00e0 l\u2019utilisation de cookies<\/li>\n<\/ul>\n\n\n\n<p>Cette politique de confidentialit\u00e9 fonctionne parall\u00e8lement aux conditions g\u00e9n\u00e9rales du site <strong>https:\/\/okam-ortho.fr<\/strong>.<\/p>\n\n\n\n<p class=\"has-large-font-size\"><strong><u>II  Lois applicables<\/u><\/strong><\/p>\n\n\n\n<p>Conform\u00e9ment au R\u00e8glement G\u00e9n\u00e9ral sur la Protection des Donn\u00e9es, cette politique de confidentialit\u00e9 est sujette aux r\u00e8glements suivants :<\/p>\n\n\n\n<p>Les donn\u00e9es personnelles sont :<\/p>\n\n\n\n<ul class=\"wp-block-list\">\n<li>Trait\u00e9es de mani\u00e8re licite et transparente ;<\/li>\n\n\n\n<li>Collect\u00e9es \u00e0 des fins d\u00e9termin\u00e9es, explicites et l\u00e9gitimes, et ne seront pas trait\u00e9es ult\u00e9rieurement d\u2019une mani\u00e8re incompatible avec ces fins. Conform\u00e9ment \u00e0 l\u2019article 89, paragraphe 1 du RGPD, le stockage et le traitement de ces donn\u00e9es \u00e0 des fins archivistiques dans l\u2019int\u00e9r\u00eat public, \u00e0 des fins de recherche scientifique ou historique ou \u00e0 des fins statistiques, n\u2019est pas consid\u00e9r\u00e9 comme incompatible avec les finalit\u00e9s initiales ;<\/li>\n\n\n\n<li>Ad\u00e9quates, pertinentes et limit\u00e9es \u00e0 ce qui est n\u00e9cessaire dans le cadre des finalit\u00e9s pour lesquelles elles sont trait\u00e9es ;<\/li>\n\n\n\n<li>Exactes, et si n\u00e9cessaires tenues \u00e0 jour. Toutes les mesures raisonnables seront prises pour corriger des donn\u00e9es incorrectes au regard de la finalit\u00e9 pour laquelle celles-si sont collect\u00e9es ;<\/li>\n\n\n\n<li>Conserv\u00e9es sous une forme permettant l\u2019identification des personnes concern\u00e9es pour une dur\u00e9e suffisante pour leur traitement ;<\/li>\n\n\n\n<li>Trait\u00e9es d\u2019une fa\u00e7on qui garantit la s\u00e9curit\u00e9 de celles-ci, y compris en ce qui concerne le traitement non-autoris\u00e9 ou illicite, la perte ou la destruction de ces donn\u00e9es, accidentelle ou volontaire.<\/li>\n<\/ul>\n\n\n\n<p>Le traitement des donn\u00e9es collect\u00e9es n\u2019est licite que si au moins l\u2019une des conditions suivantes est remplie :<\/p>\n\n\n\n<ul class=\"wp-block-list\">\n<li>La personne concern\u00e9e par les donn\u00e9es \u00e0 consenti au traitement de celles-ci pour une ou plusieurs finalit\u00e9s sp\u00e9cifiques.<\/li>\n\n\n\n<li>Le traitement des donn\u00e9es est n\u00e9cessaire \u00e0 l\u2019ex\u00e9cution d\u2019un contrat dont la personne concern\u00e9e est partie ou \u00e0 l\u2019ex\u00e9cution des mesures pr\u00e9contractuelles prises \u00e0 la demande de celui-ci<\/li>\n\n\n\n<li>Le traitement est n\u00e9cessaire \u00e0 la r\u00e9alisation d\u2019une obligation l\u00e9gale \u00e0 laquelle le responsable, <strong>OKAM ORTHOPEDIE<\/strong>, est soumis.<\/li>\n\n\n\n<li>Le traitement est n\u00e9cessaire \u00e0 la sauvegarde des int\u00e9r\u00eats vitaux de toute personne physique.<\/li>\n\n\n\n<li>Le traitement est n\u00e9cessaire \u00e0 la r\u00e9alisation d\u2019une mission d\u2019int\u00e9r\u00eat public dont est investi <strong>OKAM<\/strong> <strong>ORTHOPEDIE<\/strong>.<\/li>\n\n\n\n<li>Le traitement est n\u00e9cessaire aux fins des int\u00e9r\u00eats l\u00e9gitimes poursuivis par le responsable du traitement ou par un tiers, \u00e0 moins que ne pr\u00e9valent les int\u00e9r\u00eats, libert\u00e9s ou droits fondamentaux de la personne concern\u00e9e.<\/li>\n<\/ul>\n\n\n\n<p class=\"has-large-font-size\"><strong><u>III  Consentement<\/u><\/strong><\/p>\n\n\n\n<p>En utilisant le site <strong>https:\/\/okam-ortho.fr<\/strong>, les utilisateurs consentent \u00e0 :<\/p>\n\n\n\n<ul class=\"wp-block-list\">\n<li>Toutes les conditions incluses dans la pr\u00e9sente politique de confidentialit\u00e9 ;<\/li>\n\n\n\n<li>La collecte, l\u2019utilisation et la conservation des donn\u00e9es list\u00e9es dans la pr\u00e9sente politique de confidentialit\u00e9.<\/li>\n<\/ul>\n\n\n\n<p class=\"has-large-font-size\"><strong><u>IV  Donn\u00e9es personnelles collect\u00e9es<\/u><\/strong><\/p>\n\n\n\n<p>Lors de la navigation du site <strong>https:\/\/okam-ortho.fr<\/strong>, diff\u00e9rentes donn\u00e9es personnelles au sujet des utilisateurs sont collect\u00e9es.<\/p>\n\n\n\n<p><strong>Aucunes donn\u00e9es ne sont collect\u00e9es de mani\u00e8re automatique.<\/strong><\/p>\n\n\n\n<p><strong>Les donn\u00e9es suivantes sont recueillies de mani\u00e8re non-automatique :<\/strong> \u00ab\u00a0<em>Nom, Pr\u00e9nom, adresse email, num\u00e9ro de t\u00e9l\u00e9phone<\/em>\u00ab\u00a0<\/p>\n\n\n\n<p>Ces donn\u00e9es sont recueillies via un formulaire de contact que les utilisateurs du site remplissent.<\/p>\n\n\n\n<p>Aucune donn\u00e9e suppl\u00e9mentaire n\u2019est collect\u00e9e sans vous en informer au pr\u00e9alable.<\/p>\n\n\n\n<p class=\"has-large-font-size\"><strong><u>V  Traitement de ces donn\u00e9es<\/u><\/strong><\/p>\n\n\n\n<p>Les donn\u00e9es personnelles recueillies sur le site <strong>https:\/\/okam-ortho.fr<\/strong> ne sont collect\u00e9es et trait\u00e9es que dans le cadre des fins pr\u00e9cis\u00e9es dans la pr\u00e9sente politique de confidentialit\u00e9 et \/ ou dans les pages pertinentes du site. Les donn\u00e9es personnelles que nous collectons ne seront pas utilis\u00e9es \u00e0 d\u2019autres fins.<\/p>\n\n\n\n<p class=\"has-large-font-size\"><strong><u>VI  Partage des donn\u00e9es personnelles recueillies<\/u><\/strong><\/p>\n\n\n\n<p>Les donn\u00e9es personnelles collect\u00e9es pourront \u00eatre partag\u00e9es :<\/p>\n\n\n\n<ul class=\"wp-block-list\">\n<li>Si l\u2019entreprise <strong>OKAM ORTHOPEDIE<\/strong> y est contrainte par la loi<\/li>\n\n\n\n<li>Si les informations sont requises pour toute proc\u00e9dure judiciaire<\/li>\n\n\n\n<li>Afin de prot\u00e9ger les droits l\u00e9gaux de l\u2019entreprise <strong>OKAM ORTHOPEDIE<\/strong><\/li>\n<\/ul>\n\n\n\n<p>En dehors des situations pr\u00e9vues dans cette pr\u00e9sente politique, les informations personnelles ne seront en aucun cas divulgu\u00e9es ou partag\u00e9es \u00e0 des tiers.<\/p>\n\n\n\n<p class=\"has-large-font-size\"><strong><u>VII  Stockage et protection des donn\u00e9es personnelles<\/u><\/strong><\/p>\n\n\n\n<p>L\u2019entreprise <strong>OKAM ORTHOPEDIE<\/strong> ne conserve pas les donn\u00e9es personnelles plus longtemps que ce qui est n\u00e9cessaire \u00e0 la r\u00e9alisation des fins pour lesquelles elles sont collect\u00e9es.<\/p>\n\n\n\n<p class=\"has-large-font-size\"><strong><u>VIII  Droits de l\u2019utilisateur<\/u><\/strong><\/p>\n\n\n\n<p>Conform\u00e9ment au chapitre 3, art 12-23 du RGPD, les utilisateurs du site <strong>https:\/\/okam-ortho.fr<\/strong> ont, en ce qui concerne leurs donn\u00e9es personnelles, les droits suivants :<\/p>\n\n\n\n<ul class=\"wp-block-list\">\n<li>Droit d\u2019acc\u00e8s<\/li>\n\n\n\n<li>Droit de rectification<\/li>\n\n\n\n<li>Droit \u00e0 l\u2019effacement<\/li>\n\n\n\n<li>Droit de restreindre le traitement<\/li>\n\n\n\n<li>Droit \u00e0 la portabilit\u00e9 des donn\u00e9es<\/li>\n\n\n\n<li>Droit d\u2019objection<\/li>\n<\/ul>\n\n\n\n<p>Pour faire valoir l\u2019un de ses droits, acc\u00e9der \u00e0 vos donn\u00e9es, les modifier ou les supprimer d\u2019une quelconque mani\u00e8re, vous pouvez communiquer avec : <strong><em>marie.ortiz@okam-ortho.fr<\/em><\/strong><\/p>\n\n\n\n<p class=\"has-large-font-size\"><strong><u>IX  Politique au sujet des cookies<\/u><\/strong><\/p>\n\n\n\n<p>Un cookie est un fichier stock\u00e9 sur le disque dur d\u2019un utilisateur lorsqu\u2019il navigue sur un site web. Ce cookie permet de mieux conna\u00eetre les donn\u00e9es relatives aux habitudes de navigation de l\u2019utilisateur afin de lui proposer une meilleure exp\u00e9rience d\u2019utilisation.<\/p>\n\n\n\n<p>Conform\u00e9ment au RGPD, vous pouvez choisir d\u2019\u00eatre pr\u00e9venu \u00e0 chaque fois qu\u2019un cookie est cr\u00e9\u00e9, ou bien d\u00e9sactiver enti\u00e8rement la transmission de cookies par le site.<\/p>\n\n\n\n<p class=\"has-large-font-size\"><strong><u>X  Modification de la politique de confidentialit\u00e9<\/u><\/strong><\/p>\n\n\n\n<p>Afin de rester en accord avec la loi ou de refl\u00e9ter tout changement dans notre processus de gestion des donn\u00e9es personnelles, la pr\u00e9sente politique de confidentialit\u00e9 peut \u00eatre amen\u00e9e \u00e0 changer et \u00e0 \u00eatre modifi\u00e9e r\u00e9guli\u00e8rement. Il est recommand\u00e9 aux utilisateurs de v\u00e9rifier r\u00e9guli\u00e8rement cette politique afin de se tenir inform\u00e9s de notre politique en termes de collecte et de traitement de donn\u00e9es personnelles.<\/p>\n<\/div><\/div>\n\n\n<style>.wp-block-kadence-spacer.kt-block-spacer-_9d14d7-e3 .kt-block-spacer{height:60px;}.wp-block-kadence-spacer.kt-block-spacer-_9d14d7-e3 .kt-divider{border-top-width:1px;height:1px;border-top-color:#eee;width:80%;border-top-style:solid;}<\/style>\n<div class=\"wp-block-kadence-spacer aligncenter kt-block-spacer-_9d14d7-e3\"><div class=\"kt-block-spacer kt-block-spacer-halign-center\"><\/div><\/div>\n","protected":false},"excerpt":{"rendered":"<p>Politique de confidentialit\u00e9 du site https:\/\/okam-ortho.fr I L\u2019objectif de la politique de confidentialit\u00e9 Cette politique de confidentialit\u00e9 est \u00e9tablie dans le but d\u2019informer les utilisateurs du site https:\/\/okam-ortho.fr, poss\u00e9d\u00e9 et g\u00e9r\u00e9 par OKAM ORTHOPEDIE, des modalit\u00e9s suivantes : Cette politique de confidentialit\u00e9 fonctionne parall\u00e8lement aux conditions g\u00e9n\u00e9rales du site https:\/\/okam-ortho.fr. II Lois applicables Conform\u00e9ment au&#8230;<\/p>\n","protected":false},"author":1,"featured_media":0,"parent":0,"menu_order":0,"comment_status":"closed","ping_status":"closed","template":"","meta":{"_kadence_starter_templates_imported_post":true,"_kad_post_transparent":"enable","_kad_post_title":"hide","_kad_post_layout":"fullwidth","_kad_post_sidebar_id":"","_kad_post_content_style":"unboxed","_kad_post_vertical_padding":"hide","_kad_post_feature":"","_kad_post_feature_position":"","_kad_post_header":false,"_kad_post_footer":false,"_kad_post_classname":"","footnotes":""},"class_list":["post-1851","page","type-page","status-publish","hentry"],"_links":{"self":[{"href":"https:\/\/www.okam-ortho.fr\/index.php\/wp-json\/wp\/v2\/pages\/1851","targetHints":{"allow":["GET"]}}],"collection":[{"href":"https:\/\/www.okam-ortho.fr\/index.php\/wp-json\/wp\/v2\/pages"}],"about":[{"href":"https:\/\/www.okam-ortho.fr\/index.php\/wp-json\/wp\/v2\/types\/page"}],"author":[{"embeddable":true,"href":"https:\/\/www.okam-ortho.fr\/index.php\/wp-json\/wp\/v2\/users\/1"}],"replies":[{"embeddable":true,"href":"https:\/\/www.okam-ortho.fr\/index.php\/wp-json\/wp\/v2\/comments?post=1851"}],"version-history":[{"count":9,"href":"https:\/\/www.okam-ortho.fr\/index.php\/wp-json\/wp\/v2\/pages\/1851\/revisions"}],"predecessor-version":[{"id":3064,"href":"https:\/\/www.okam-ortho.fr\/index.php\/wp-json\/wp\/v2\/pages\/1851\/revisions\/3064"}],"wp:attachment":[{"href":"https:\/\/www.okam-ortho.fr\/index.php\/wp-json\/wp\/v2\/media?parent=1851"}],"curies":[{"name":"wp","href":"https:\/\/api.w.org\/{rel}","templated":true}]}}